{"id":987467513,"date":"2021-08-31T01:32:17","date_gmt":"2021-08-31T01:32:17","guid":{"rendered":"https:\/\/setgad.com\/wp\/?page_id=987467513"},"modified":"2024-09-18T17:31:26","modified_gmt":"2024-09-18T17:31:26","slug":"analizador-de-equipos-de-electrocirugia","status":"publish","type":"page","link":"https:\/\/setgad.com\/wp\/analizador-de-equipos-de-electrocirugia\/","title":{"rendered":"Analizador de Equipos de Electrocirugi\u0301a"},"content":{"rendered":"<p>[et_pb_section fb_built=&#8221;1&#8243; fullwidth=&#8221;on&#8221; _builder_version=&#8221;4.16&#8243; _module_preset=&#8221;default&#8221; da_disable_devices=&#8221;off|off|off&#8221; locked=&#8221;off&#8221; global_colors_info=&#8221;{}&#8221; da_is_popup=&#8221;off&#8221; da_exit_intent=&#8221;off&#8221; da_has_close=&#8221;on&#8221; da_alt_close=&#8221;off&#8221; da_dark_close=&#8221;off&#8221; da_not_modal=&#8221;on&#8221; da_is_singular=&#8221;off&#8221; da_with_loader=&#8221;off&#8221; da_has_shadow=&#8221;on&#8221;][et_pb_fullwidth_slider arrows_custom_color=&#8221;#efc030&#8243; dot_nav_custom_color=&#8221;#efc030&#8243; _builder_version=&#8221;4.16&#8243; _module_preset=&#8221;default&#8221; height=&#8221;414px&#8221; custom_padding=&#8221;||||false|false&#8221; locked=&#8221;off&#8221; global_colors_info=&#8221;{}&#8221;][et_pb_slide heading=&#8221;Analizadores de Equipos de Electrocirug\u00eda&#8221; image=&#8221;https:\/\/setgad.com\/wp\/wp-content\/uploads\/2021\/08\/fhs-electrosurgery-prod-group-500&#215;260-1.png&#8221; _builder_version=&#8221;4.16&#8243; _module_preset=&#8221;default&#8221; header_level=&#8221;h2&#8243; header_font=&#8221;Montserrat|600|||||||&#8221; header_text_color=&#8221;#3a3a3a&#8221; header_font_size=&#8221;39px&#8221; body_font=&#8221;Montserrat||||||||&#8221; body_text_color=&#8221;#3a3a3a&#8221; body_font_size=&#8221;17px&#8221; background_enable_color=&#8221;off&#8221; background_image=&#8221;https:\/\/setgad.com\/wp\/wp-content\/uploads\/revslider\/home-setgad\/fondo-papel-tapiz-cuboide-abstracto-geometrico-3d_1048-9891.jpg&#8221; background_enable_image=&#8221;on&#8221; parallax=&#8221;on&#8221; custom_button=&#8221;on&#8221; button_text_size=&#8221;16px&#8221; button_bg_color=&#8221;#efc030&#8243; button_border_color=&#8221;RGBA(0,0,0,0)&#8221; button_on_hover=&#8221;on&#8221; background_layout=&#8221;light&#8221; width=&#8221;86%&#8221; custom_padding=&#8221;0px||9px||false|false&#8221; locked=&#8221;off&#8221; global_colors_info=&#8221;{}&#8221; sticky_transition=&#8221;on&#8221;]<\/p>\n<p>&nbsp;<\/p>\n<p>Pruebe las funciones ESU cr\u00edticas con potencia precisa, corriente, frecuencia, factor de cresta y rangos de resistencia de carga en una variedad de marcas y modelos de generadores de unidades electroquir\u00fargicas que utilizan los analizadores electroquir\u00fargicos biom\u00e9dicos de Fluke.<\/p>\n<p>[\/et_pb_slide][\/et_pb_fullwidth_slider][\/et_pb_section][et_pb_section fb_built=&#8221;1&#8243; admin_label=&#8221;section&#8221; _builder_version=&#8221;4.16&#8243; _module_preset=&#8221;default&#8221; custom_padding=&#8221;4px|||||&#8221; da_disable_devices=&#8221;off|off|off&#8221; global_colors_info=&#8221;{}&#8221; da_is_popup=&#8221;off&#8221; da_exit_intent=&#8221;off&#8221; da_has_close=&#8221;on&#8221; da_alt_close=&#8221;off&#8221; da_dark_close=&#8221;off&#8221; da_not_modal=&#8221;on&#8221; da_is_singular=&#8221;off&#8221; da_with_loader=&#8221;off&#8221; da_has_shadow=&#8221;on&#8221;][et_pb_row _builder_version=&#8221;4.16&#8243; _module_preset=&#8221;default&#8221; global_colors_info=&#8221;{}&#8221;][et_pb_column type=&#8221;4_4&#8243; _builder_version=&#8221;4.16&#8243; _module_preset=&#8221;default&#8221; global_colors_info=&#8221;{}&#8221;][\/et_pb_column][\/et_pb_row][et_pb_row column_structure=&#8221;2_5,3_5&#8243; _builder_version=&#8221;4.16&#8243; _module_preset=&#8221;default&#8221; global_colors_info=&#8221;{}&#8221;][et_pb_column type=&#8221;2_5&#8243; _builder_version=&#8221;4.16&#8243; _module_preset=&#8221;default&#8221; global_colors_info=&#8221;{}&#8221;][et_pb_image src=&#8221;https:\/\/setgad.com\/wp\/wp-content\/uploads\/2021\/08\/4-fb-qa-es-3_03a_s-pcat_320x220-e1559002998741-1.jpg&#8221; title_text=&#8221;4 fb-qa-es-3_03a_s-pcat_320x220-e1559002998741&#8243; _builder_version=&#8221;4.16&#8243; _module_preset=&#8221;default&#8221; global_colors_info=&#8221;{}&#8221;][\/et_pb_image][\/et_pb_column][et_pb_column type=&#8221;3_5&#8243; _builder_version=&#8221;4.16&#8243; _module_preset=&#8221;default&#8221; global_colors_info=&#8221;{}&#8221;][et_pb_text _builder_version=&#8221;4.16&#8243; _module_preset=&#8221;default&#8221; text_font=&#8221;Montserrat||||||||&#8221; text_text_color=&#8221;#545454&#8243; header_font=&#8221;Montserrat||||||||&#8221; header_text_color=&#8221;#545454&#8243; global_colors_info=&#8221;{}&#8221;]<\/p>\n<div class=\"wpb_text_column wpb_content_element \">\n<div class=\"wpb_text_column wpb_content_element \">\n<div class=\"wpb_wrapper\">\n<h1 id=\"tw-target-text\" class=\"tw-data-text tw-ta tw-text-small\" dir=\"ltr\" data-placeholder=\"Traducci\u00f3n\"><a href=\"https:\/\/setgad.com\/wp\/product\/qa-es-iii-analizador-y-probador-electroquirurgico\/\"><span lang=\"es\" tabindex=\"0\">Analizador y probador electroquir\u00fargico QA-ES III<\/span><\/a><\/h1>\n<\/div>\n<\/div>\n<div class=\"wpb_text_column wpb_content_element \">\n<div class=\"wpb_wrapper\">\n<p id=\"tw-target-text\" class=\"tw-data-text tw-ta tw-text-small\" dir=\"ltr\" data-placeholder=\"Traducci\u00f3n\"><span lang=\"es\" tabindex=\"0\">Pruebe r\u00e1pida y f\u00e1cilmente todas las funciones ESU cr\u00edticas con el comprobador y analizador electroquir\u00fargico QA-ES III de Fluke Biomedical. La interfaz f\u00e1cil de usar lo gu\u00eda a trav\u00e9s de secuencias de prueba, le permite recopilar mediciones y descargar registros de forma inal\u00e1mbrica.<\/span><\/p>\n<ul>\n<li class=\"tw-data-text tw-ta tw-text-small\" dir=\"ltr\" data-placeholder=\"Traducci\u00f3n\"><span lang=\"es\" tabindex=\"0\">Prueba las funciones de la ESU con rangos precisos de potencia, corriente, frecuencia, factor de cresta y resistencia de carga.<\/span><\/li>\n<li class=\"tw-data-text tw-ta tw-text-small\" dir=\"ltr\" data-placeholder=\"Traducci\u00f3n\"><span lang=\"es\" tabindex=\"0\">Elimina la necesidad de hardware adicional e incluye capacidades de automatizaci\u00f3n a bordo.<\/span><\/li>\n<li class=\"tw-data-text tw-ta tw-text-small\" dir=\"ltr\" data-placeholder=\"Traducci\u00f3n\"><span lang=\"es\" tabindex=\"0\">Utiliza Bluetooth para recuperar registros o se conecta a PC mediante el puerto USB.<\/span><\/li>\n<\/ul>\n<a class='pum-trigger  popmake-6074  ' data-do-default=''>Solicitar Cotizaci\u00f3n<\/a>\n<p><a href=\"https:\/\/setgad.com\/wp\/wp-content\/uploads\/2019\/03\/QA-ES-III-UM-ESP.pdf\">Manual<\/a><\/p>\n<p><a href=\"https:\/\/setgad.com\/wp\/wp-content\/uploads\/2019\/10\/qa-es-3_spa_c_w.pdf\">Ficha T\u00e9cnica<\/a><\/p>\n<\/div>\n<\/div>\n<\/div>\n<p>[\/et_pb_text][\/et_pb_column][\/et_pb_row][\/et_pb_section][et_pb_section fb_built=&#8221;1&#8243; admin_label=&#8221;Section&#8221; module_id=&#8221;cotizador&#8221; _builder_version=&#8221;4.25.2&#8243; _module_preset=&#8221;default&#8221; custom_padding=&#8221;||105px|||&#8221; da_popup_slug=&#8221;cotizador&#8221; da_disable_devices=&#8221;off|off|off&#8221; locked=&#8221;off&#8221; global_colors_info=&#8221;{}&#8221; da_is_popup=&#8221;off&#8221; da_exit_intent=&#8221;off&#8221; da_has_close=&#8221;on&#8221; da_alt_close=&#8221;off&#8221; da_dark_close=&#8221;off&#8221; da_not_modal=&#8221;on&#8221; da_is_singular=&#8221;off&#8221; da_with_loader=&#8221;off&#8221; da_has_shadow=&#8221;on&#8221;][et_pb_row column_structure=&#8221;1_5,3_5,1_5&#8243; module_id=&#8221;cotizador-equipos-fluke&#8221; _builder_version=&#8221;4.25.2&#8243; _module_preset=&#8221;default&#8221; global_colors_info=&#8221;{}&#8221;][et_pb_column type=&#8221;1_5&#8243; _builder_version=&#8221;4.16&#8243; _module_preset=&#8221;default&#8221; global_colors_info=&#8221;{}&#8221;][\/et_pb_column][et_pb_column type=&#8221;3_5&#8243; _builder_version=&#8221;4.16&#8243; _module_preset=&#8221;default&#8221; global_colors_info=&#8221;{}&#8221;][et_pb_text _builder_version=&#8221;4.25.2&#8243; _module_preset=&#8221;default&#8221; header_text_align=&#8221;center&#8221; header_text_color=&#8221;#672b31&#8243; header_2_font_size=&#8221;30px&#8221; global_colors_info=&#8221;{}&#8221;]<\/p>\n<h2 class=\"vc_custom_heading\" style=\"text-align: center;\">Solicita aqu\u00ed tu Cotizaci\u00f3n<\/h2>\n<div class=\"wpb_text_column wpb_content_element \">\n<div class=\"wpb_wrapper\">\n<p style=\"text-align: center;\">Ingresa la informaci\u00f3n b\u00e1sica y nos estaremos comunicando contigo lo mas pronto posible.<\/p>\n<\/div>\n<\/div>\n<div class=\"vc_row wpb_row vc_inner vc_row-fluid\"><\/div>\n<p>[\/et_pb_text][et_pb_text _builder_version=&#8221;4.27.0&#8243; _module_preset=&#8221;default&#8221; text_orientation=&#8221;center&#8221; global_colors_info=&#8221;{}&#8221;]<\/p>\n\n\t\t\t\t\t\t<script>\n\t\t\t\t\t\t\twindow.hsFormsOnReady = window.hsFormsOnReady || [];\n\t\t\t\t\t\t\twindow.hsFormsOnReady.push(()=>{\n\t\t\t\t\t\t\t\thbspt.forms.create({\n\t\t\t\t\t\t\t\t\tportalId: 39588141,\n\t\t\t\t\t\t\t\t\tformId: \"ba54353c-73eb-4e46-ba5c-98e1936b6a23\",\n\t\t\t\t\t\t\t\t\ttarget: \"#hbspt-form-1776944694000-8530901060\",\n\t\t\t\t\t\t\t\t\tregion: \"na1\",\n\t\t\t\t\t\t\t\t\t\n\t\t\t\t\t\t\t})});\n\t\t\t\t\t\t<\/script>\n\t\t\t\t\t\t<div class=\"hbspt-form\" id=\"hbspt-form-1776944694000-8530901060\"><\/div>\n<p>[\/et_pb_text][\/et_pb_column][et_pb_column type=&#8221;1_5&#8243; _builder_version=&#8221;4.16&#8243; _module_preset=&#8221;default&#8221; global_colors_info=&#8221;{}&#8221;][\/et_pb_column][\/et_pb_row][\/et_pb_section]<\/p>\n","protected":false},"excerpt":{"rendered":"<p>&nbsp; Pruebe las funciones ESU cr\u00edticas con potencia precisa, corriente, frecuencia, factor de cresta y rangos de resistencia de carga en una variedad de marcas y modelos de generadores de unidades electroquir\u00fargicas que utilizan los analizadores electroquir\u00fargicos biom\u00e9dicos de Fluke. Analizador y probador electroquir\u00fargico QA-ES III Pruebe r\u00e1pida y f\u00e1cilmente todas las funciones ESU cr\u00edticas [&hellip;]<\/p>\n","protected":false},"author":1,"featured_media":0,"parent":0,"menu_order":0,"comment_status":"closed","ping_status":"closed","template":"","meta":{"_et_pb_use_builder":"on","_et_pb_old_content":"","_et_gb_content_width":"","content-type":"","_joinchat":[],"footnotes":""},"class_list":["post-987467513","page","type-page","status-publish","hentry"],"_links":{"self":[{"href":"https:\/\/setgad.com\/wp\/wp-json\/wp\/v2\/pages\/987467513","targetHints":{"allow":["GET"]}}],"collection":[{"href":"https:\/\/setgad.com\/wp\/wp-json\/wp\/v2\/pages"}],"about":[{"href":"https:\/\/setgad.com\/wp\/wp-json\/wp\/v2\/types\/page"}],"author":[{"embeddable":true,"href":"https:\/\/setgad.com\/wp\/wp-json\/wp\/v2\/users\/1"}],"replies":[{"embeddable":true,"href":"https:\/\/setgad.com\/wp\/wp-json\/wp\/v2\/comments?post=987467513"}],"version-history":[{"count":6,"href":"https:\/\/setgad.com\/wp\/wp-json\/wp\/v2\/pages\/987467513\/revisions"}],"predecessor-version":[{"id":987469312,"href":"https:\/\/setgad.com\/wp\/wp-json\/wp\/v2\/pages\/987467513\/revisions\/987469312"}],"wp:attachment":[{"href":"https:\/\/setgad.com\/wp\/wp-json\/wp\/v2\/media?parent=987467513"}],"curies":[{"name":"wp","href":"https:\/\/api.w.org\/{rel}","templated":true}]}}