{"id":987467559,"date":"2021-08-31T02:04:17","date_gmt":"2021-08-31T02:04:17","guid":{"rendered":"https:\/\/setgad.com\/wp\/?page_id=987467559"},"modified":"2021-08-31T02:07:03","modified_gmt":"2021-08-31T02:07:03","slug":"garantias","status":"publish","type":"page","link":"https:\/\/setgad.com\/wp\/garantias\/","title":{"rendered":"Garantias"},"content":{"rendered":"<p>[et_pb_section fb_built=&#8221;1&#8243; _builder_version=&#8221;4.9.0&#8243; _module_preset=&#8221;default&#8221; custom_padding=&#8221;||105px|||&#8221; global_colors_info=&#8221;{}&#8221;][et_pb_row _builder_version=&#8221;4.9.0&#8243; _module_preset=&#8221;default&#8221; global_colors_info=&#8221;{}&#8221;][et_pb_column type=&#8221;4_4&#8243; _builder_version=&#8221;4.9.0&#8243; _module_preset=&#8221;default&#8221; global_colors_info=&#8221;{}&#8221;][et_pb_text _builder_version=&#8221;4.9.0&#8243; _module_preset=&#8221;default&#8221; text_font=&#8221;Montserrat||||||||&#8221; text_text_color=&#8221;#67192b&#8221; header_font=&#8221;Montserrat||||||||&#8221; header_text_color=&#8221;#67192b&#8221; global_colors_info=&#8221;{}&#8221;]<\/p>\n<h2 class=\"vc_custom_heading\">Garant\u00edas<\/h2>\n<p>[\/et_pb_text][et_pb_text _builder_version=&#8221;4.10.5&#8243; _module_preset=&#8221;default&#8221; hover_enabled=&#8221;0&#8243; global_colors_info=&#8221;{}&#8221; sticky_enabled=&#8221;0&#8243;]<\/p>\n<p id=\"tw-target-text\" class=\"tw-data-text tw-ta tw-text-small\" dir=\"ltr\" data-placeholder=\"Traducci\u00f3n\"><span lang=\"es\" tabindex=\"0\">Fluke Biomedical garantiza sus productos contra defectos en materiales y mano de obra por un per\u00edodo que va de uno a cinco a\u00f1os a partir de la fecha de compra, dependiendo del producto. La informaci\u00f3n espec\u00edfica sobre la garant\u00eda est\u00e1 disponible en las p\u00e1ginas de especificaciones individuales del producto. Nuestro programa de garant\u00eda extendida simple y rentable proporciona un retorno de la inversi\u00f3n maximizado tanto para la seguridad de la radiaci\u00f3n como para los productos de pruebas biom\u00e9dicas. Aunque a algunos instrumentos se les otorga el estado de garant\u00eda extendida luego de su calibraci\u00f3n de primer a\u00f1o en una instalaci\u00f3n de calibraci\u00f3n autorizada de Fluke Biomedical, se pueden comprar otros servicios de calibraci\u00f3n en cualquier momento despu\u00e9s de la venta del producto. Para obtener m\u00e1s informaci\u00f3n sobre el programa de garant\u00eda extendida de Fluke Biomedical, comun\u00edquese con nuestro Laboratorio de Calibraci\u00f3n Global en globalcal@flukebiomedical.com o haga clic en el siguiente enlace.<\/span><\/p>\n<p>&nbsp;<\/p>\n<p id=\"tw-target-text\" class=\"tw-data-text tw-ta tw-text-small\" dir=\"ltr\" data-placeholder=\"Traducci\u00f3n\"><a href=\"https:\/\/setgad.com\/wp\/wp-content\/uploads\/2019\/05\/9460054_eng_a_w.pdf\" target=\"_blank\" rel=\"noopener\"><span lang=\"es\" tabindex=\"0\">Ver la garant\u00eda limitada de FLUKE Biom\u00e9dical<\/span><\/a><\/p>\n<p>[\/et_pb_text][\/et_pb_column][\/et_pb_row][\/et_pb_section]<\/p>\n","protected":false},"excerpt":{"rendered":"<p>Garant\u00edasFluke Biomedical garantiza sus productos contra defectos en materiales y mano de obra por un per\u00edodo que va de uno a cinco a\u00f1os a partir de la fecha de compra, dependiendo del producto. La informaci\u00f3n espec\u00edfica sobre la garant\u00eda est\u00e1 disponible en las p\u00e1ginas de especificaciones individuales del producto. Nuestro programa de garant\u00eda extendida simple [&hellip;]<\/p>\n","protected":false},"author":1,"featured_media":0,"parent":0,"menu_order":0,"comment_status":"closed","ping_status":"closed","template":"","meta":{"_et_pb_use_builder":"on","_et_pb_old_content":"","_et_gb_content_width":"","content-type":"","_joinchat":[],"footnotes":""},"class_list":["post-987467559","page","type-page","status-publish","hentry"],"_links":{"self":[{"href":"https:\/\/setgad.com\/wp\/wp-json\/wp\/v2\/pages\/987467559","targetHints":{"allow":["GET"]}}],"collection":[{"href":"https:\/\/setgad.com\/wp\/wp-json\/wp\/v2\/pages"}],"about":[{"href":"https:\/\/setgad.com\/wp\/wp-json\/wp\/v2\/types\/page"}],"author":[{"embeddable":true,"href":"https:\/\/setgad.com\/wp\/wp-json\/wp\/v2\/users\/1"}],"replies":[{"embeddable":true,"href":"https:\/\/setgad.com\/wp\/wp-json\/wp\/v2\/comments?post=987467559"}],"version-history":[{"count":2,"href":"https:\/\/setgad.com\/wp\/wp-json\/wp\/v2\/pages\/987467559\/revisions"}],"predecessor-version":[{"id":987467567,"href":"https:\/\/setgad.com\/wp\/wp-json\/wp\/v2\/pages\/987467559\/revisions\/987467567"}],"wp:attachment":[{"href":"https:\/\/setgad.com\/wp\/wp-json\/wp\/v2\/media?parent=987467559"}],"curies":[{"name":"wp","href":"https:\/\/api.w.org\/{rel}","templated":true}]}}