{"id":987467571,"date":"2021-08-31T02:13:00","date_gmt":"2021-08-31T02:13:00","guid":{"rendered":"https:\/\/setgad.com\/wp\/?page_id=987467571"},"modified":"2024-09-18T18:03:52","modified_gmt":"2024-09-18T18:03:52","slug":"instrumento-de-calidad-en-rayos-x-2","status":"publish","type":"page","link":"https:\/\/setgad.com\/wp\/instrumento-de-calidad-en-rayos-x-2\/","title":{"rendered":"Instrumento de calidad en Rayos-X"},"content":{"rendered":"<p>[et_pb_section fb_built=&#8221;1&#8243; fullwidth=&#8221;on&#8221; _builder_version=&#8221;4.16&#8243; _module_preset=&#8221;default&#8221; locked=&#8221;off&#8221; global_colors_info=&#8221;{}&#8221; da_is_popup=&#8221;off&#8221; da_exit_intent=&#8221;off&#8221; da_has_close=&#8221;on&#8221; da_alt_close=&#8221;off&#8221; da_dark_close=&#8221;off&#8221; da_not_modal=&#8221;on&#8221; da_is_singular=&#8221;off&#8221; da_with_loader=&#8221;off&#8221; da_has_shadow=&#8221;on&#8221; da_disable_devices=&#8221;off|off|off&#8221;][et_pb_fullwidth_slider arrows_custom_color=&#8221;#efc030&#8243; dot_nav_custom_color=&#8221;#efc030&#8243; _builder_version=&#8221;4.16&#8243; _module_preset=&#8221;default&#8221; height=&#8221;414px&#8221; custom_padding=&#8221;||||false|false&#8221; locked=&#8221;off&#8221; global_colors_info=&#8221;{}&#8221;][et_pb_slide heading=&#8221;Instrumento de calidad en Rayos-X&#8221; image=&#8221;https:\/\/setgad.com\/wp\/wp-content\/uploads\/2021\/08\/2-fhs-rad-measure-family-500&#215;260-1.png&#8221; _builder_version=&#8221;4.16&#8243; _module_preset=&#8221;default&#8221; header_level=&#8221;h2&#8243; header_font=&#8221;Montserrat|600|||||||&#8221; header_text_color=&#8221;#3a3a3a&#8221; header_font_size=&#8221;39px&#8221; body_font=&#8221;Montserrat||||||||&#8221; body_text_color=&#8221;#3a3a3a&#8221; body_font_size=&#8221;17px&#8221; background_enable_color=&#8221;off&#8221; background_image=&#8221;https:\/\/setgad.com\/wp\/wp-content\/uploads\/revslider\/home-setgad\/fondo-papel-tapiz-cuboide-abstracto-geometrico-3d_1048-9891.jpg&#8221; background_enable_image=&#8221;on&#8221; parallax=&#8221;on&#8221; custom_button=&#8221;on&#8221; button_text_size=&#8221;16px&#8221; button_bg_color=&#8221;#efc030&#8243; button_border_color=&#8221;RGBA(0,0,0,0)&#8221; button_on_hover=&#8221;on&#8221; background_layout=&#8221;light&#8221; width=&#8221;86%&#8221; custom_padding=&#8221;0px||9px||false|false&#8221; locked=&#8221;off&#8221; global_colors_info=&#8221;{}&#8221; sticky_transition=&#8221;on&#8221;]<\/p>\n<p>&nbsp;<\/p>\n<p>RaySafe proporciona una l\u00ednea completa de productos para el control de calidad y el servicio de equipos de rayos X de diagn\u00f3stico. Ya sea que sus necesidades sean b\u00e1sicas o completas, lo tenemos cubierto..<\/p>\n<p>[\/et_pb_slide][\/et_pb_fullwidth_slider][\/et_pb_section][et_pb_section fb_built=&#8221;1&#8243; admin_label=&#8221;section&#8221; _builder_version=&#8221;4.16&#8243; _module_preset=&#8221;default&#8221; custom_padding=&#8221;4px|||||&#8221; global_colors_info=&#8221;{}&#8221; da_is_popup=&#8221;off&#8221; da_exit_intent=&#8221;off&#8221; da_has_close=&#8221;on&#8221; da_alt_close=&#8221;off&#8221; da_dark_close=&#8221;off&#8221; da_not_modal=&#8221;on&#8221; da_is_singular=&#8221;off&#8221; da_with_loader=&#8221;off&#8221; da_has_shadow=&#8221;on&#8221; da_disable_devices=&#8221;off|off|off&#8221;][et_pb_row column_structure=&#8221;2_5,3_5&#8243; _builder_version=&#8221;4.16&#8243; _module_preset=&#8221;default&#8221; custom_margin=&#8221;51px|auto||auto||&#8221; global_colors_info=&#8221;{}&#8221;][et_pb_column type=&#8221;2_5&#8243; _builder_version=&#8221;4.16&#8243; _module_preset=&#8221;default&#8221; global_colors_info=&#8221;{}&#8221;][et_pb_image src=&#8221;https:\/\/setgad.com\/wp\/wp-content\/uploads\/2021\/08\/prestige_2_-_on_surface_-_with_survey.png&#8221; title_text=&#8221;prestige_2_-_on_surface_-_with_survey&#8221; _builder_version=&#8221;4.16&#8243; _module_preset=&#8221;default&#8221; global_colors_info=&#8221;{}&#8221;][\/et_pb_image][\/et_pb_column][et_pb_column type=&#8221;3_5&#8243; _builder_version=&#8221;4.16&#8243; _module_preset=&#8221;default&#8221; global_colors_info=&#8221;{}&#8221;][et_pb_text _builder_version=&#8221;4.16&#8243; _module_preset=&#8221;default&#8221; text_font=&#8221;Montserrat||||||||&#8221; text_text_color=&#8221;#545454&#8243; header_font=&#8221;Montserrat||||||||&#8221; header_text_color=&#8221;#545454&#8243; global_colors_info=&#8221;{}&#8221;]<\/p>\n<div class=\"wpb_text_column wpb_content_element \">\n<div class=\"wpb_text_column wpb_content_element \">\n<div class=\"wpb_wrapper\">\n<div class=\"wpb_text_column wpb_content_element \">\n<div class=\"wpb_wrapper\">\n<h1 class=\"tw-data-text tw-ta tw-text-small\" dir=\"ltr\" data-placeholder=\"Traducci\u00f3n\"><a href=\"https:\/\/setgad.com\/wp\/product\/sistema-de-medicion-de-rayos-x-raysafe-x2\/\"><span lang=\"es\" tabindex=\"0\">Sistema de medici\u00f3n de rayos X RaySafe X2<\/span><\/a><\/h1>\n<\/div>\n<\/div>\n<div class=\"wpb_text_column wpb_content_element \">\n<div class=\"wpb_wrapper\">\n<p id=\"tw-target-text\" class=\"tw-data-text tw-ta tw-text-small\" dir=\"ltr\" data-placeholder=\"Traducci\u00f3n\"><span lang=\"es\" tabindex=\"0\">RaySafe X2 es un instrumento multiparam\u00e9trico y multimodalidad. RaySafe X2 combina tecnolog\u00eda de sensores de \u00faltima generaci\u00f3n con una interfaz de usuario completamente nueva, lo que hace que X2 sea lo \u00faltimo en facilidad de uso. Una gama completa de sensores est\u00e1 disponible para cubrir todas sus necesidades de medici\u00f3n.<\/span><\/p>\n<ul>\n<li class=\"tw-data-text tw-ta tw-text-small\" dir=\"ltr\" data-placeholder=\"Traducci\u00f3n\"><span lang=\"es\" tabindex=\"0\">Pantalla t\u00e1ctil grande para una operaci\u00f3n simple y una gran visi\u00f3n general de todos los par\u00e1metros medidos.<\/span><\/li>\n<li class=\"tw-data-text tw-ta tw-text-small\" dir=\"ltr\" data-placeholder=\"Traducci\u00f3n\"><span lang=\"es\" tabindex=\"0\">Formas de onda completas directamente en la unidad base para un an\u00e1lisis r\u00e1pido de las mediciones.<\/span><\/li>\n<li class=\"tw-data-text tw-ta tw-text-small\" dir=\"ltr\" data-placeholder=\"Traducci\u00f3n\"><span lang=\"es\" tabindex=\"0\">No hay configuraciones especiales para manejar diferentes tipos de m\u00e1quinas de rayos X. Solo conecta y mide.<\/span><\/li>\n<li class=\"tw-data-text tw-ta tw-text-small\" dir=\"ltr\" data-placeholder=\"Traducci\u00f3n\"><span lang=\"es\" tabindex=\"0\">Memoria incorporada: hasta 10 000 mediciones con formas de onda se almacenan en la unidad base.<\/span><\/li>\n<li class=\"tw-data-text tw-ta tw-text-small\" dir=\"ltr\" data-placeholder=\"Traducci\u00f3n\"><span lang=\"es\" tabindex=\"0\">Se integra perfectamente con el software de automatizaci\u00f3n de flujo de trabajo RaySafe OneQA \u2122.<\/span><\/li>\n<\/ul>\n<a class='pum-trigger  popmake-6074  ' data-do-default=''>Solicitar Cotizaci\u00f3n<\/a>\n<p><a href=\"https:\/\/setgad.com\/wp\/wp-content\/uploads\/2019\/03\/RAYSAFE-X2-UM-ESP.pdf\">Manual<\/a><\/p>\n<p><a href=\"https:\/\/setgad.com\/wp\/wp-content\/uploads\/2019\/11\/5200090-10.1_raysafex2_specifications_es_web.pdf\">Ficha T\u00e9cnica<\/a><\/p>\n<\/div>\n<\/div>\n<\/div>\n<\/div>\n<\/div>\n<p>[\/et_pb_text][\/et_pb_column][\/et_pb_row][et_pb_row _builder_version=&#8221;4.16&#8243; _module_preset=&#8221;default&#8221; locked=&#8221;off&#8221; global_colors_info=&#8221;{}&#8221;][et_pb_column type=&#8221;4_4&#8243; _builder_version=&#8221;4.16&#8243; _module_preset=&#8221;default&#8221; global_colors_info=&#8221;{}&#8221;][et_pb_divider show_divider=&#8221;off&#8221; _builder_version=&#8221;4.16&#8243; _module_preset=&#8221;default&#8221; background_color=&#8221;RGBA(0,0,0,0)&#8221; animation_style=&#8221;slide&#8221; animation_direction=&#8221;top&#8221; box_shadow_style=&#8221;preset3&#8243; global_colors_info=&#8221;{}&#8221;][\/et_pb_divider][\/et_pb_column][\/et_pb_row][et_pb_row column_structure=&#8221;2_5,3_5&#8243; _builder_version=&#8221;4.16&#8243; _module_preset=&#8221;default&#8221; custom_margin=&#8221;51px|auto||auto||&#8221; locked=&#8221;off&#8221; global_colors_info=&#8221;{}&#8221;][et_pb_column type=&#8221;2_5&#8243; _builder_version=&#8221;4.16&#8243; _module_preset=&#8221;default&#8221; global_colors_info=&#8221;{}&#8221;][et_pb_image src=&#8221;https:\/\/setgad.com\/wp\/wp-content\/uploads\/2021\/08\/thinx_1b.png&#8221; title_text=&#8221;thinx_1b&#8221; _builder_version=&#8221;4.16&#8243; _module_preset=&#8221;default&#8221; global_colors_info=&#8221;{}&#8221;][\/et_pb_image][\/et_pb_column][et_pb_column type=&#8221;3_5&#8243; _builder_version=&#8221;4.16&#8243; _module_preset=&#8221;default&#8221; global_colors_info=&#8221;{}&#8221;][et_pb_text _builder_version=&#8221;4.16&#8243; _module_preset=&#8221;default&#8221; text_font=&#8221;Montserrat||||||||&#8221; text_text_color=&#8221;#545454&#8243; header_font=&#8221;Montserrat||||||||&#8221; header_text_color=&#8221;#545454&#8243; global_colors_info=&#8221;{}&#8221;]<\/p>\n<div class=\"wpb_text_column wpb_content_element \">\n<div class=\"wpb_text_column wpb_content_element \">\n<div class=\"wpb_wrapper\">\n<div class=\"wpb_text_column wpb_content_element \">\n<div class=\"wpb_wrapper\">\n<h1 class=\"tw-data-text tw-ta tw-text-small\" dir=\"ltr\" data-placeholder=\"Traducci\u00f3n\"><a href=\"https:\/\/setgad.com\/wp\/product\/sistema-de-medicion-de-rayos-x-raysafe-thinx\/\">Sistema de medici\u00f3n de rayos X RaySafe ThinX<\/a><\/h1>\n<\/div>\n<\/div>\n<div class=\"wpb_text_column wpb_content_element \">\n<div class=\"wpb_wrapper\">\n<p>RaySafe ThinX se ha optimizado para satisfacer la necesidad de un instrumento multiparam\u00e9trico b\u00e1sico para la medici\u00f3n simult\u00e1nea de dosis, tasa de dosis, kVp, HVL, tiempo de exposici\u00f3n y pulsos. Todos los par\u00e1metros se muestran c\u00f3modamente en la gran pantalla LCD.<\/p>\n<p>Proporciona una interfaz de usuario completamente autom\u00e1tica.<\/p>\n<p>Elecci\u00f3n perfecta para mediciones de radiaci\u00f3n en aplicaciones radiogr\u00e1ficas<\/p>\n<p>Equipado con tecnolog\u00eda de vanguardia l\u00edder en el mundo para hacer sus mediciones sin esfuerzo<\/p>\n<a class='pum-trigger  popmake-6074  ' data-do-default=''>Solicitar Cotizaci\u00f3n<\/a>\n<p><a href=\"https:\/\/setgad.com\/wp\/wp-content\/uploads\/2021\/09\/RAYSAFE-THINX-BROC-ESP.pdf\">Manual<\/a><\/p>\n<p><a href=\"https:\/\/setgad.com\/wp\/wp-content\/uploads\/2021\/09\/RAYSAFE-THINX-INTRA-RAD-UM-ENG.pdf\">Ficha T\u00e9cnica<\/a><\/p>\n<\/div>\n<\/div>\n<\/div>\n<\/div>\n<\/div>\n<p>[\/et_pb_text][\/et_pb_column][\/et_pb_row][\/et_pb_section][et_pb_section fb_built=&#8221;1&#8243; admin_label=&#8221;Section&#8221; module_id=&#8221;cotizador&#8221; _builder_version=&#8221;4.25.2&#8243; _module_preset=&#8221;default&#8221; custom_padding=&#8221;||105px|||&#8221; da_popup_slug=&#8221;cotizador&#8221; da_disable_devices=&#8221;off|off|off&#8221; locked=&#8221;off&#8221; global_colors_info=&#8221;{}&#8221; da_is_popup=&#8221;off&#8221; da_exit_intent=&#8221;off&#8221; da_has_close=&#8221;on&#8221; da_alt_close=&#8221;off&#8221; da_dark_close=&#8221;off&#8221; da_not_modal=&#8221;on&#8221; da_is_singular=&#8221;off&#8221; da_with_loader=&#8221;off&#8221; da_has_shadow=&#8221;on&#8221;][et_pb_row column_structure=&#8221;1_5,3_5,1_5&#8243; module_id=&#8221;cotizador-equipos-fluke&#8221; _builder_version=&#8221;4.25.2&#8243; _module_preset=&#8221;default&#8221; global_colors_info=&#8221;{}&#8221;][et_pb_column type=&#8221;1_5&#8243; _builder_version=&#8221;4.16&#8243; _module_preset=&#8221;default&#8221; global_colors_info=&#8221;{}&#8221;][\/et_pb_column][et_pb_column type=&#8221;3_5&#8243; _builder_version=&#8221;4.16&#8243; _module_preset=&#8221;default&#8221; global_colors_info=&#8221;{}&#8221;][et_pb_text _builder_version=&#8221;4.25.2&#8243; _module_preset=&#8221;default&#8221; header_text_align=&#8221;center&#8221; header_text_color=&#8221;#672b31&#8243; header_2_font_size=&#8221;30px&#8221; global_colors_info=&#8221;{}&#8221;]<\/p>\n<h2 class=\"vc_custom_heading\" style=\"text-align: center;\">Solicita aqu\u00ed tu Cotizaci\u00f3n<\/h2>\n<div class=\"wpb_text_column wpb_content_element \">\n<div class=\"wpb_wrapper\">\n<p style=\"text-align: center;\">Ingresa la informaci\u00f3n b\u00e1sica y nos estaremos comunicando contigo lo mas pronto posible.<\/p>\n<\/div>\n<\/div>\n<div class=\"vc_row wpb_row vc_inner vc_row-fluid\"><\/div>\n<p>[\/et_pb_text][et_pb_text _builder_version=&#8221;4.27.0&#8243; _module_preset=&#8221;default&#8221; text_orientation=&#8221;center&#8221; global_colors_info=&#8221;{}&#8221;]<\/p>\n\n\t\t\t\t\t\t<script>\n\t\t\t\t\t\t\twindow.hsFormsOnReady = window.hsFormsOnReady || [];\n\t\t\t\t\t\t\twindow.hsFormsOnReady.push(()=>{\n\t\t\t\t\t\t\t\thbspt.forms.create({\n\t\t\t\t\t\t\t\t\tportalId: 39588141,\n\t\t\t\t\t\t\t\t\tformId: \"ba54353c-73eb-4e46-ba5c-98e1936b6a23\",\n\t\t\t\t\t\t\t\t\ttarget: \"#hbspt-form-1776944696000-0231848614\",\n\t\t\t\t\t\t\t\t\tregion: \"na1\",\n\t\t\t\t\t\t\t\t\t\n\t\t\t\t\t\t\t})});\n\t\t\t\t\t\t<\/script>\n\t\t\t\t\t\t<div class=\"hbspt-form\" id=\"hbspt-form-1776944696000-0231848614\"><\/div>\n<p>[\/et_pb_text][\/et_pb_column][et_pb_column type=&#8221;1_5&#8243; _builder_version=&#8221;4.16&#8243; _module_preset=&#8221;default&#8221; global_colors_info=&#8221;{}&#8221;][\/et_pb_column][\/et_pb_row][\/et_pb_section]<\/p>\n","protected":false},"excerpt":{"rendered":"<p>&nbsp; RaySafe proporciona una l\u00ednea completa de productos para el control de calidad y el servicio de equipos de rayos X de diagn\u00f3stico. Ya sea que sus necesidades sean b\u00e1sicas o completas, lo tenemos cubierto.. Sistema de medici\u00f3n de rayos X RaySafe X2 RaySafe X2 es un instrumento multiparam\u00e9trico y multimodalidad. RaySafe X2 combina tecnolog\u00eda [&hellip;]<\/p>\n","protected":false},"author":1,"featured_media":0,"parent":0,"menu_order":0,"comment_status":"closed","ping_status":"closed","template":"","meta":{"_et_pb_use_builder":"on","_et_pb_old_content":"","_et_gb_content_width":"","content-type":"","_joinchat":[],"footnotes":""},"class_list":["post-987467571","page","type-page","status-publish","hentry"],"_links":{"self":[{"href":"https:\/\/setgad.com\/wp\/wp-json\/wp\/v2\/pages\/987467571","targetHints":{"allow":["GET"]}}],"collection":[{"href":"https:\/\/setgad.com\/wp\/wp-json\/wp\/v2\/pages"}],"about":[{"href":"https:\/\/setgad.com\/wp\/wp-json\/wp\/v2\/types\/page"}],"author":[{"embeddable":true,"href":"https:\/\/setgad.com\/wp\/wp-json\/wp\/v2\/users\/1"}],"replies":[{"embeddable":true,"href":"https:\/\/setgad.com\/wp\/wp-json\/wp\/v2\/comments?post=987467571"}],"version-history":[{"count":8,"href":"https:\/\/setgad.com\/wp\/wp-json\/wp\/v2\/pages\/987467571\/revisions"}],"predecessor-version":[{"id":987469319,"href":"https:\/\/setgad.com\/wp\/wp-json\/wp\/v2\/pages\/987467571\/revisions\/987469319"}],"wp:attachment":[{"href":"https:\/\/setgad.com\/wp\/wp-json\/wp\/v2\/media?parent=987467571"}],"curies":[{"name":"wp","href":"https:\/\/api.w.org\/{rel}","templated":true}]}}