{"id":5690,"date":"2019-03-29T19:51:58","date_gmt":"2019-03-29T19:51:58","guid":{"rendered":"https:\/\/setgad.com\/wp\/?post_type=product&#038;p=5690"},"modified":"2019-11-06T16:32:44","modified_gmt":"2019-11-06T16:32:44","slug":"dpm2plus-probador-de-medidor-de-presion-universal-2","status":"publish","type":"product","link":"https:\/\/setgad.com\/wp\/product\/dpm2plus-probador-de-medidor-de-presion-universal-2\/","title":{"rendered":"DPM2Plus Probador de medidor de presi\u00f3n universal"},"content":{"rendered":"<h3 id=\"tw-target-text\" class=\"tw-data-text tw-ta tw-text-small\" dir=\"ltr\" data-placeholder=\"Traducci\u00f3n\"><strong><span lang=\"es\" tabindex=\"0\">Caracter\u00edsticas<\/span><\/strong><\/h3>\n<ul>\n<li>De mano, Funciona con pilas<\/li>\n<li>1% de precisi\u00f3n<\/li>\n<li>Cinco rangos de escala seleccionables<\/li>\n<li>Salida de voltaje para conducir un registrador para evaluar la electr\u00f3nica del circuito de medici\u00f3n de presi\u00f3n<\/li>\n<li>Capacidad para probar equipos de oftalmolog\u00eda, l\u00e1seres, m\u00e1quinas de di\u00e1lisis, torniquetes autom\u00e1ticos, dispositivos de drenaje, bombas IV, man\u00f3metros, ventiladores, dispositivos de diagn\u00f3stico, succi\u00f3n quir\u00fargica y m\u00e1s.<\/li>\n<li>Medici\u00f3n de aire o l\u00edquido.<\/li>\n<\/ul>\n","protected":false},"excerpt":{"rendered":"<h5>Preciso y de bajo precio para todos los dispositivos de presi\u00f3n m\u00e9dica<\/h5>\n<h5>El medidor de presi\u00f3n universal DPM2Plus est\u00e1 dise\u00f1ado para medir las presiones positivas y negativas de los dispositivos m\u00e9dicos en forma l\u00edquida o gaseosa para ayudar en la reparaci\u00f3n y el control de calidad. Cuando se combina con el accesorio adaptador de flujo parab\u00f3lico opcional, la presi\u00f3n mostrada en el DPM2Plus se puede interpretar r\u00e1pidamente usando la tabla de consulta suministrada con el adaptador de flujo parab\u00f3lico. Esta funci\u00f3n de ahorro de tiempo ayuda a determinar el flujo de dispositivos m\u00e9dicos.<\/h5>\n","protected":false},"featured_media":5686,"comment_status":"closed","ping_status":"closed","template":"","meta":{"_et_pb_use_builder":"","_et_pb_old_content":"","_et_gb_content_width":"","content-type":"","_joinchat":[]},"product_brand":[],"product_cat":[236],"product_tag":[],"class_list":{"0":"post-5690","1":"product","2":"type-product","3":"status-publish","4":"has-post-thumbnail","6":"product_cat-medidordepresiondigital","8":"first","9":"instock","10":"shipping-taxable","11":"product-type-simple"},"_links":{"self":[{"href":"https:\/\/setgad.com\/wp\/wp-json\/wp\/v2\/product\/5690","targetHints":{"allow":["GET"]}}],"collection":[{"href":"https:\/\/setgad.com\/wp\/wp-json\/wp\/v2\/product"}],"about":[{"href":"https:\/\/setgad.com\/wp\/wp-json\/wp\/v2\/types\/product"}],"replies":[{"embeddable":true,"href":"https:\/\/setgad.com\/wp\/wp-json\/wp\/v2\/comments?post=5690"}],"wp:featuredmedia":[{"embeddable":true,"href":"https:\/\/setgad.com\/wp\/wp-json\/wp\/v2\/media\/5686"}],"wp:attachment":[{"href":"https:\/\/setgad.com\/wp\/wp-json\/wp\/v2\/media?parent=5690"}],"wp:term":[{"taxonomy":"product_brand","embeddable":true,"href":"https:\/\/setgad.com\/wp\/wp-json\/wp\/v2\/product_brand?post=5690"},{"taxonomy":"product_cat","embeddable":true,"href":"https:\/\/setgad.com\/wp\/wp-json\/wp\/v2\/product_cat?post=5690"},{"taxonomy":"product_tag","embeddable":true,"href":"https:\/\/setgad.com\/wp\/wp-json\/wp\/v2\/product_tag?post=5690"}],"curies":[{"name":"wp","href":"https:\/\/api.w.org\/{rel}","templated":true}]}}