{"id":5691,"date":"2019-03-29T19:57:44","date_gmt":"2019-03-29T19:57:44","guid":{"rendered":"https:\/\/setgad.com\/wp\/?post_type=product&#038;p=5691"},"modified":"2019-10-31T16:23:57","modified_gmt":"2019-10-31T16:23:57","slug":"esa609-analizador-de-seguridad-electrica","status":"publish","type":"product","link":"https:\/\/setgad.com\/wp\/product\/esa609-analizador-de-seguridad-electrica\/","title":{"rendered":"ESA609 Analizador de seguridad el\u00e9ctrica"},"content":{"rendered":"<h3 id=\"tw-target-text\" class=\"tw-data-text tw-ta tw-text-small\" dir=\"ltr\" data-placeholder=\"Traducci\u00f3n\"><strong><span lang=\"es\" tabindex=\"0\">Caracter\u00edsticas<\/span><\/strong><\/h3>\n<ul>\n<li>Cumplimiento de las normas IEC: ANSI \/ AAMI ES1, NFPA-99 y partes de IEC62353 y IEC60601-1<\/li>\n<li>Port\u00e1til: el dise\u00f1o de peso pluma, la correa funcional y el soporte inclinable facilitan el transporte y la operaci\u00f3n sobre la marcha (en el sitio o fuera del sitio)<\/li>\n<li>F\u00e1cil de usar: operaci\u00f3n r\u00e1pida de bot\u00f3n para pruebas r\u00e1pidas<\/li>\n<li>Robusto: el estuche de goma y la clasificaci\u00f3n de protecci\u00f3n contra el ingreso de IP30 ayudan a prevenir da\u00f1os cuando se caen<\/li>\n<li>Uso global: el ESA609 operar\u00e1 a 120V y 230V<\/li>\n<li>Pruebe el consumo de corriente hasta 20 A para un conjunto diverso de dispositivos m\u00e9dicos<\/li>\n<li>Todos los par\u00e1metros necesarios para las pruebas de seguridad el\u00e9ctrica b\u00e1sica: voltaje de la l\u00ednea (red), resistencia del cable de tierra (o tierra de protecci\u00f3n), corriente del equipo, fuga del cable de tierra (tierra), fuga del chasis (caja), fuga directa del equipo y fuga de punto a punto y resistencia<\/li>\n<li>Pruebas rigurosas de seguridad y confiabilidad, con CE, CSA y Australia RCM adem\u00e1s de la calidad de Fluke<\/li>\n<li>Garant\u00eda extendida de dos a\u00f1os (sin costo, disponible despu\u00e9s de la calibraci\u00f3n del primer a\u00f1o en cualquier centro de servicio autorizado de Fluke Biomedical)<\/li>\n<li>Red de soporte global que ofrece un servicio r\u00e1pido y tranquilidad a los clientes de Fluke Biomedical en todo el mundo<\/li>\n<\/ul>\n","protected":false},"excerpt":{"rendered":"<h5>Prueba sobre la marcha sin esfuerzo<\/h5>\n<h5>El analizador de seguridad el\u00e9ctrica ESA609 es un analizador robusto, port\u00e1til y f\u00e1cil de usar, dise\u00f1ado para pruebas de seguridad el\u00e9ctrica en general. Dise\u00f1ado para t\u00e9cnicos en movimiento, el ESA609 no requiere capacitaci\u00f3n previa, tiene un estuche de goma que le permite soportar el rigor del transporte y ayuda a prevenir da\u00f1os cuando se cae accidentalmente.<\/h5>\n","protected":false},"featured_media":5692,"comment_status":"closed","ping_status":"closed","template":"","meta":{"_et_pb_use_builder":"","_et_pb_old_content":"","_et_gb_content_width":"","content-type":"","_joinchat":[]},"product_brand":[],"product_cat":[234],"product_tag":[],"class_list":{"0":"post-5691","1":"product","2":"type-product","3":"status-publish","4":"has-post-thumbnail","6":"product_cat-analizadordeseguridadelectrica","8":"first","9":"instock","10":"shipping-taxable","11":"product-type-simple"},"_links":{"self":[{"href":"https:\/\/setgad.com\/wp\/wp-json\/wp\/v2\/product\/5691","targetHints":{"allow":["GET"]}}],"collection":[{"href":"https:\/\/setgad.com\/wp\/wp-json\/wp\/v2\/product"}],"about":[{"href":"https:\/\/setgad.com\/wp\/wp-json\/wp\/v2\/types\/product"}],"replies":[{"embeddable":true,"href":"https:\/\/setgad.com\/wp\/wp-json\/wp\/v2\/comments?post=5691"}],"wp:featuredmedia":[{"embeddable":true,"href":"https:\/\/setgad.com\/wp\/wp-json\/wp\/v2\/media\/5692"}],"wp:attachment":[{"href":"https:\/\/setgad.com\/wp\/wp-json\/wp\/v2\/media?parent=5691"}],"wp:term":[{"taxonomy":"product_brand","embeddable":true,"href":"https:\/\/setgad.com\/wp\/wp-json\/wp\/v2\/product_brand?post=5691"},{"taxonomy":"product_cat","embeddable":true,"href":"https:\/\/setgad.com\/wp\/wp-json\/wp\/v2\/product_cat?post=5691"},{"taxonomy":"product_tag","embeddable":true,"href":"https:\/\/setgad.com\/wp\/wp-json\/wp\/v2\/product_tag?post=5691"}],"curies":[{"name":"wp","href":"https:\/\/api.w.org\/{rel}","templated":true}]}}