{"id":5696,"date":"2019-03-29T20:04:42","date_gmt":"2019-03-29T20:04:42","guid":{"rendered":"https:\/\/setgad.com\/wp\/?post_type=product&#038;p=5696"},"modified":"2019-10-31T16:25:50","modified_gmt":"2019-10-31T16:25:50","slug":"esa612-analizador-de-seguridad-electrica","status":"publish","type":"product","link":"https:\/\/setgad.com\/wp\/product\/esa612-analizador-de-seguridad-electrica\/","title":{"rendered":"ESA612 Analizador de seguridad el\u00e9ctrica"},"content":{"rendered":"<h3 id=\"tw-target-text\" class=\"tw-data-text tw-ta tw-text-small\" dir=\"ltr\" data-placeholder=\"Traducci\u00f3n\"><strong><span lang=\"es\" tabindex=\"0\">Caracter\u00edsticas<\/span><\/strong><\/h3>\n<ul>\n<li>Port\u00e1til, ergon\u00f3mico y ligero.<\/li>\n<li>Pantalla grande y f\u00e1cil de leer con contraste ajustable<\/li>\n<li>Interfaz amigable<\/li>\n<li>Soporte inclinable para pruebas de stand-up en entornos de campo<\/li>\n<li>Cinco tomas de partes aplicadas y una f\u00e1cil conexi\u00f3n instant\u00e1nea de ECG con caja de expansi\u00f3n opcional<\/li>\n<li>Las pruebas de forma de onda de ECG y las mediciones de dos conductores combinan la funcionalidad de un simulador y analizador de seguridad en una sola herramienta de prueba<\/li>\n<li>Memoria interna para 100 registros de prueba.<\/li>\n<li>Los fusibles de red reemplazables mantienen su unidad en el campo y fuera del taller de reparaciones<\/li>\n<li>Garant\u00eda extendida de dos a\u00f1os (sin costo, disponible despu\u00e9s de la calibraci\u00f3n del primer a\u00f1o en el Centro de servicio Fluke Biomedical Cleveland)<\/li>\n<li>Capacidad de corriente de 20 A a 120 V<\/li>\n<li>Conexi\u00f3n USB para usar con el software Ansur y Data Viewer (para descargar desde la memoria a la PC) para estandarizar los procedimientos de prueba, comparar los resultados con los l\u00edmites de los est\u00e1ndares, generar y almacenar informes y realizar la administraci\u00f3n total de datos digitales<\/li>\n<li>Probado rigurosamente para aplicaciones de campo resistentes, con CE y CSA adem\u00e1s del sello de aprobaci\u00f3n de dise\u00f1o de calidad Fluke<\/li>\n<\/ul>\n","protected":false},"excerpt":{"rendered":"<h5>Prueba de un toque con ECG<\/h5>\n<h5>El ESA612 combina la potencia de un simulador de ECG y un analizador de seguridad el\u00e9ctrica en un solo dispositivo port\u00e1til resistente. El ESA612 incluye dos selecciones de carga de prueba de seguridad el\u00e9ctrica para uso global, as\u00ed como acceso con un solo bot\u00f3n a m\u00faltiples aplicaciones<\/h5>\n","protected":false},"featured_media":5697,"comment_status":"closed","ping_status":"closed","template":"","meta":{"_et_pb_use_builder":"","_et_pb_old_content":"","_et_gb_content_width":"","content-type":"","_joinchat":[]},"product_brand":[],"product_cat":[234],"product_tag":[],"class_list":{"0":"post-5696","1":"product","2":"type-product","3":"status-publish","4":"has-post-thumbnail","6":"product_cat-analizadordeseguridadelectrica","8":"first","9":"instock","10":"shipping-taxable","11":"product-type-simple"},"_links":{"self":[{"href":"https:\/\/setgad.com\/wp\/wp-json\/wp\/v2\/product\/5696","targetHints":{"allow":["GET"]}}],"collection":[{"href":"https:\/\/setgad.com\/wp\/wp-json\/wp\/v2\/product"}],"about":[{"href":"https:\/\/setgad.com\/wp\/wp-json\/wp\/v2\/types\/product"}],"replies":[{"embeddable":true,"href":"https:\/\/setgad.com\/wp\/wp-json\/wp\/v2\/comments?post=5696"}],"wp:featuredmedia":[{"embeddable":true,"href":"https:\/\/setgad.com\/wp\/wp-json\/wp\/v2\/media\/5697"}],"wp:attachment":[{"href":"https:\/\/setgad.com\/wp\/wp-json\/wp\/v2\/media?parent=5696"}],"wp:term":[{"taxonomy":"product_brand","embeddable":true,"href":"https:\/\/setgad.com\/wp\/wp-json\/wp\/v2\/product_brand?post=5696"},{"taxonomy":"product_cat","embeddable":true,"href":"https:\/\/setgad.com\/wp\/wp-json\/wp\/v2\/product_cat?post=5696"},{"taxonomy":"product_tag","embeddable":true,"href":"https:\/\/setgad.com\/wp\/wp-json\/wp\/v2\/product_tag?post=5696"}],"curies":[{"name":"wp","href":"https:\/\/api.w.org\/{rel}","templated":true}]}}