{"id":5703,"date":"2019-03-29T21:19:50","date_gmt":"2019-03-29T21:19:50","guid":{"rendered":"https:\/\/setgad.com\/wp\/?post_type=product&#038;p=5703"},"modified":"2019-10-31T16:30:41","modified_gmt":"2019-10-31T16:30:41","slug":"sa615-analizador-de-seguridad-electrica","status":"publish","type":"product","link":"https:\/\/setgad.com\/wp\/product\/sa615-analizador-de-seguridad-electrica\/","title":{"rendered":"ESA615 Analizador de seguridad el\u00e9ctrica"},"content":{"rendered":"<h3 id=\"tw-target-text\" class=\"tw-data-text tw-ta tw-text-small\" dir=\"ltr\" data-placeholder=\"Traducci\u00f3n\"><strong><span lang=\"es\" tabindex=\"0\">Caracter\u00edsticas<\/span><\/strong><\/h3>\n<ul>\n<li>Dise\u00f1o port\u00e1til y ergon\u00f3mico con mango integrado y soporte inclinable<\/li>\n<li>Automatizaci\u00f3n a bordo con secuencias de prueba automatizadas para un f\u00e1cil cumplimiento de las normas de seguridad el\u00e9ctrica globales clave (ANSI \/ AAMI ES-1 (NFPA-99), IEC62353 (VDE751), IEC60601-1 2\u00aa y 3\u00aa ediciones y AS \/ NZS 3551)<\/li>\n<li>Interfaz f\u00e1cil de usar para pruebas optimizadas<\/li>\n<li>Las pruebas de forma de onda de ECG y las mediciones de dos conductores combinan la funcionalidad de un simulador y analizador de seguridad en una sola herramienta de prueba<\/li>\n<li>Cinco tomas de piezas aplicadas y una f\u00e1cil conexi\u00f3n a presi\u00f3n de ECG; Caja de expansi\u00f3n opcional para pruebas de ECG de hasta 12 derivaciones<\/li>\n<li>F\u00e1cil ingreso de datos a trav\u00e9s de un teclado externo de c\u00f3digo de barras o un teclado integrado<\/li>\n<li>Comunicaci\u00f3n inal\u00e1mbrica y tarjeta de memoria extra\u00edble para un intercambio de datos r\u00e1pido y conveniente<\/li>\n<li>Capacidad de corriente de 20 A a 120 V<\/li>\n<li>Los fusibles de red reemplazables mantienen su unidad en el campo y fuera del taller de reparaciones<\/li>\n<li>Las selecciones de idiomas personalizadas incluyen: ingl\u00e9s, franc\u00e9s, alem\u00e1n, espa\u00f1ol, italiano y portugu\u00e9s<\/li>\n<li>Pruebas rigurosas para aplicaciones de campo resistentes con CE y CSA, adem\u00e1s de la calidad de Fluke, para una fiabilidad a largo plazo<\/li>\n<li>Garant\u00eda extendida de dos a\u00f1os (sin costo disponible despu\u00e9s de la calibraci\u00f3n del primer a\u00f1o en cualquier centro de servicio autorizado de Fluke Biomedical)<\/li>\n<li>Red de soporte global que ofrece un servicio r\u00e1pido y tranquilidad a los clientes de Fluke Biomedical en todo el mundo<\/li>\n<\/ul>\n","protected":false},"excerpt":{"rendered":"<h5>Prueba a cualquier est\u00e1ndar en minutos con el ESA615<\/h5>\n<h5>El analizador de seguridad el\u00e9ctrica ESA615 ofrece pruebas autom\u00e1ticas r\u00e1pidas y simples en forma de analizador port\u00e1til para los profesionales de tecnolog\u00eda de la salud que realizan pruebas de seguridad el\u00e9ctrica en equipos m\u00e9dicos tanto en el campo como en las instalaciones. Ya sea que se trate de pruebas simples o an\u00e1lisis exhaustivos, el ESA615 puede hacerlo todo. El ESA615 es una soluci\u00f3n todo en uno con un analizador de seguridad y un simulador de ECG en un solo instrumento de prueba de seguridad el\u00e9ctrica.<\/h5>\n","protected":false},"featured_media":5704,"comment_status":"closed","ping_status":"closed","template":"","meta":{"_et_pb_use_builder":"","_et_pb_old_content":"","_et_gb_content_width":"","content-type":"","_joinchat":[]},"product_brand":[],"product_cat":[234],"product_tag":[],"class_list":{"0":"post-5703","1":"product","2":"type-product","3":"status-publish","4":"has-post-thumbnail","6":"product_cat-analizadordeseguridadelectrica","8":"first","9":"instock","10":"shipping-taxable","11":"product-type-simple"},"_links":{"self":[{"href":"https:\/\/setgad.com\/wp\/wp-json\/wp\/v2\/product\/5703","targetHints":{"allow":["GET"]}}],"collection":[{"href":"https:\/\/setgad.com\/wp\/wp-json\/wp\/v2\/product"}],"about":[{"href":"https:\/\/setgad.com\/wp\/wp-json\/wp\/v2\/types\/product"}],"replies":[{"embeddable":true,"href":"https:\/\/setgad.com\/wp\/wp-json\/wp\/v2\/comments?post=5703"}],"wp:featuredmedia":[{"embeddable":true,"href":"https:\/\/setgad.com\/wp\/wp-json\/wp\/v2\/media\/5704"}],"wp:attachment":[{"href":"https:\/\/setgad.com\/wp\/wp-json\/wp\/v2\/media?parent=5703"}],"wp:term":[{"taxonomy":"product_brand","embeddable":true,"href":"https:\/\/setgad.com\/wp\/wp-json\/wp\/v2\/product_brand?post=5703"},{"taxonomy":"product_cat","embeddable":true,"href":"https:\/\/setgad.com\/wp\/wp-json\/wp\/v2\/product_cat?post=5703"},{"taxonomy":"product_tag","embeddable":true,"href":"https:\/\/setgad.com\/wp\/wp-json\/wp\/v2\/product_tag?post=5703"}],"curies":[{"name":"wp","href":"https:\/\/api.w.org\/{rel}","templated":true}]}}