{"id":5721,"date":"2019-04-01T14:58:16","date_gmt":"2019-04-01T14:58:16","guid":{"rendered":"https:\/\/setgad.com\/wp\/?post_type=product&#038;p=5721"},"modified":"2022-08-12T16:31:59","modified_gmt":"2022-08-12T16:31:59","slug":"qa-es-iii-analizador-y-probador-electroquirurgico","status":"publish","type":"product","link":"https:\/\/setgad.com\/wp\/product\/qa-es-iii-analizador-y-probador-electroquirurgico\/","title":{"rendered":"QA-ES III Analizador y probador electroquir\u00fargico"},"content":{"rendered":"<h3 id=\"tw-target-text\" class=\"tw-data-text tw-ta tw-text-small\" dir=\"ltr\" data-placeholder=\"Traducci\u00f3n\"><strong><span lang=\"es\" tabindex=\"0\">Caracter\u00edsticas<\/span><\/strong><\/h3>\n<ul>\n<li>Pruebe todas las funciones ESU cr\u00edticas con los rangos precisos de potencia, corriente, frecuencia, factor de cresta y resistencia de carga<\/li>\n<li>Recoger medidas en modo sencillo y continuo.<\/li>\n<li>Con\u00e9ctese de forma inal\u00e1mbrica a trav\u00e9s de Bluetooth para una f\u00e1cil recuperaci\u00f3n de la grabaci\u00f3n sin interferencia o limitaci\u00f3n por cables e hilos *<\/li>\n<li>Cumple con todos los est\u00e1ndares globales, incluidos ANSI \/ AAMI e IEC **<\/li>\n<li>Herramienta todo en uno: todo el hardware y software necesarios para completar el mantenimiento preventivo y la soluci\u00f3n de problemas est\u00e1n incorporados en la unidad, eliminando la necesidad de comprar o transportar cables adicionales, cables, cajas de interruptores y cajas RECM<\/li>\n<li>Interfaz f\u00e1cil de usar: los botones grandes y la pantalla LCD gu\u00edan al usuario a trav\u00e9s de secuencias de prueba<\/li>\n<li>Almacenamiento en memoria de hasta 5,000 registros de prueba, eliminando la necesidad de descargar datos despu\u00e9s de completar cada sesi\u00f3n de mantenimiento preventivo o de soluci\u00f3n de problemas<\/li>\n<li>* Las capacidades inal\u00e1mbricas no est\u00e1n disponibles en todos los pa\u00edses. Pregunte a su representante de ventas para m\u00e1s detalles. ** Pruebas de fugas bipolares realizadas con una carga fija de 200 ohmios.<\/li>\n<\/ul>\n","protected":false},"excerpt":{"rendered":"<h5>Pruebas electroquir\u00fargicas completas y mantenimiento preventivo para dispositivos ESU<\/h5>\n<h5>Pruebe f\u00e1cilmente y descargue de forma inal\u00e1mbrica * todas las funciones cr\u00edticas con el analizador QA-ES III ESU. Recopile r\u00e1pidamente todas las mediciones, incluido el sellado del recipiente, el monitor de calidad de contacto (CQM), las fugas de alta frecuencia (HF) y la distribuci\u00f3n de la potencia de salida (modo simple o continuo) con la gu\u00eda de interfaz f\u00e1cil de usar.<\/h5>\n","protected":false},"featured_media":5722,"comment_status":"closed","ping_status":"closed","template":"","meta":{"_et_pb_use_builder":"","_et_pb_old_content":"","_et_gb_content_width":"","content-type":"","_joinchat":[]},"product_brand":[],"product_cat":[231],"product_tag":[],"class_list":{"0":"post-5721","1":"product","2":"type-product","3":"status-publish","4":"has-post-thumbnail","6":"product_cat-analizadordeequiposdeelectrocirugia","8":"first","9":"instock","10":"shipping-taxable","11":"product-type-simple"},"_links":{"self":[{"href":"https:\/\/setgad.com\/wp\/wp-json\/wp\/v2\/product\/5721","targetHints":{"allow":["GET"]}}],"collection":[{"href":"https:\/\/setgad.com\/wp\/wp-json\/wp\/v2\/product"}],"about":[{"href":"https:\/\/setgad.com\/wp\/wp-json\/wp\/v2\/types\/product"}],"replies":[{"embeddable":true,"href":"https:\/\/setgad.com\/wp\/wp-json\/wp\/v2\/comments?post=5721"}],"wp:featuredmedia":[{"embeddable":true,"href":"https:\/\/setgad.com\/wp\/wp-json\/wp\/v2\/media\/5722"}],"wp:attachment":[{"href":"https:\/\/setgad.com\/wp\/wp-json\/wp\/v2\/media?parent=5721"}],"wp:term":[{"taxonomy":"product_brand","embeddable":true,"href":"https:\/\/setgad.com\/wp\/wp-json\/wp\/v2\/product_brand?post=5721"},{"taxonomy":"product_cat","embeddable":true,"href":"https:\/\/setgad.com\/wp\/wp-json\/wp\/v2\/product_cat?post=5721"},{"taxonomy":"product_tag","embeddable":true,"href":"https:\/\/setgad.com\/wp\/wp-json\/wp\/v2\/product_tag?post=5721"}],"curies":[{"name":"wp","href":"https:\/\/api.w.org\/{rel}","templated":true}]}}