{"id":6529,"date":"2019-08-03T03:32:13","date_gmt":"2019-08-03T03:32:13","guid":{"rendered":"https:\/\/setgad.com\/wp\/?post_type=product&#038;p=6529"},"modified":"2021-02-05T00:08:55","modified_gmt":"2021-02-05T00:08:55","slug":"bateria-estandar-tracksense-pro","status":"publish","type":"product","link":"https:\/\/setgad.com\/wp\/product\/bateria-estandar-tracksense-pro\/","title":{"rendered":"Bater\u00eda Estandar TrackSense Pro"},"content":{"rendered":"<h3 class=\"technical-specifications__heading\">Especificaciones T\u00e9cnicas<\/h3>\n<table class=\"technical-specifications__table\" style=\"height: 806px;\" width=\"1396\">\n<tbody>\n<tr class=\"technical-specifications__table-row has-background\">\n<td class=\"technical-specifications__table-cell\"><strong>Operating Logger<\/strong><\/td>\n<td class=\"technical-specifications__table-cell\"><strong>Lab, Compact, Compact X, Basic, Pro, Pro X<\/strong><\/td>\n<\/tr>\n<tr class=\"technical-specifications__table-row \">\n<td class=\"technical-specifications__table-cell\">Battery Type:<\/td>\n<td class=\"technical-specifications__table-cell\">Lithium<\/td>\n<\/tr>\n<tr class=\"technical-specifications__table-row has-background\">\n<td class=\"technical-specifications__table-cell\">Capacity at 121 \u00b0C \/ 10 sec. Sample Rate:<\/td>\n<td class=\"technical-specifications__table-cell\"><\/td>\n<\/tr>\n<tr class=\"technical-specifications__table-row \">\n<td class=\"technical-specifications__table-cell\">Temperature 1 Sensor:<\/td>\n<td class=\"technical-specifications__table-cell\">2,000 Hours<\/td>\n<\/tr>\n<tr class=\"technical-specifications__table-row has-background\">\n<td class=\"technical-specifications__table-cell\">Temperature 2 Sensors:<\/td>\n<td class=\"technical-specifications__table-cell\">1,750 Hours<\/td>\n<\/tr>\n<tr class=\"technical-specifications__table-row \">\n<td class=\"technical-specifications__table-cell\">Temperature 4 Sensors (Lab QUAD):<\/td>\n<td class=\"technical-specifications__table-cell\">1,250 Hours<\/td>\n<\/tr>\n<tr class=\"technical-specifications__table-row has-background\">\n<td class=\"technical-specifications__table-cell\">Pressure:<\/td>\n<td class=\"technical-specifications__table-cell\">1,500 Hours<\/td>\n<\/tr>\n<tr class=\"technical-specifications__table-row \">\n<td class=\"technical-specifications__table-cell\">Pressure \/ Temperature:<\/td>\n<td class=\"technical-specifications__table-cell\">1,500 Hours<\/td>\n<\/tr>\n<tr class=\"technical-specifications__table-row has-background\">\n<td class=\"technical-specifications__table-cell\">RH%:<\/td>\n<td class=\"technical-specifications__table-cell\">1,500 Hours<\/td>\n<\/tr>\n<tr class=\"technical-specifications__table-row \">\n<td class=\"technical-specifications__table-cell\">Conductivity:<\/td>\n<td class=\"technical-specifications__table-cell\">1,000 Hours<\/td>\n<\/tr>\n<tr class=\"technical-specifications__table-row has-background\">\n<td class=\"technical-specifications__table-cell\">Vacuum:<\/td>\n<td class=\"technical-specifications__table-cell\">300 Hours<\/td>\n<\/tr>\n<tr class=\"technical-specifications__table-row \">\n<td class=\"technical-specifications__table-cell\">Intrinsically Safe:<\/td>\n<td class=\"technical-specifications__table-cell\">EEx ia IIC T3<\/td>\n<\/tr>\n<tr class=\"technical-specifications__table-row has-background\">\n<td class=\"technical-specifications__table-cell\">Complicance:<\/td>\n<td class=\"technical-specifications__table-cell\">UL Listed<\/td>\n<\/tr>\n<\/tbody>\n<\/table>\n<p>La bater\u00eda puede funcionar a -80 \u00b0 C junto con el logger TrackSense Pro X<\/p>\n","protected":false},"excerpt":{"rendered":"<div id=\"tw-target-text-container\" class=\"gsrt tw-ta-container tw-nfl\">\n<p>La duraci\u00f3n de la bater\u00eda depende en gran medida del perfil de aplicaci\u00f3n y el uso del registrador. Extensa exposici\u00f3n\u00a0y duraci\u00f3n a altas temperaturas pueden reducir la vida media de la bater\u00eda. La bater\u00eda incorpora la \u00faltima tecnolog\u00eda\u00a0que resulta en 2.000 horas de funcionamiento a una frecuencia de muestreo de 10 segundos a 121 \u00b0 C.<\/p>\n<\/div>\n","protected":false},"featured_media":6530,"comment_status":"closed","ping_status":"closed","template":"","meta":{"_et_pb_use_builder":"","_et_pb_old_content":"","_et_gb_content_width":"","content-type":"","_joinchat":[]},"product_brand":[],"product_cat":[262,247],"product_tag":[],"class_list":{"0":"post-6529","1":"product","2":"type-product","3":"status-publish","4":"has-post-thumbnail","6":"product_cat-baterias","7":"product_cat-data-logger","9":"first","10":"instock","11":"shipping-taxable","12":"product-type-simple"},"_links":{"self":[{"href":"https:\/\/setgad.com\/wp\/wp-json\/wp\/v2\/product\/6529","targetHints":{"allow":["GET"]}}],"collection":[{"href":"https:\/\/setgad.com\/wp\/wp-json\/wp\/v2\/product"}],"about":[{"href":"https:\/\/setgad.com\/wp\/wp-json\/wp\/v2\/types\/product"}],"replies":[{"embeddable":true,"href":"https:\/\/setgad.com\/wp\/wp-json\/wp\/v2\/comments?post=6529"}],"wp:featuredmedia":[{"embeddable":true,"href":"https:\/\/setgad.com\/wp\/wp-json\/wp\/v2\/media\/6530"}],"wp:attachment":[{"href":"https:\/\/setgad.com\/wp\/wp-json\/wp\/v2\/media?parent=6529"}],"wp:term":[{"taxonomy":"product_brand","embeddable":true,"href":"https:\/\/setgad.com\/wp\/wp-json\/wp\/v2\/product_brand?post=6529"},{"taxonomy":"product_cat","embeddable":true,"href":"https:\/\/setgad.com\/wp\/wp-json\/wp\/v2\/product_cat?post=6529"},{"taxonomy":"product_tag","embeddable":true,"href":"https:\/\/setgad.com\/wp\/wp-json\/wp\/v2\/product_tag?post=6529"}],"curies":[{"name":"wp","href":"https:\/\/api.w.org\/{rel}","templated":true}]}}