{"id":6602,"date":"2019-08-12T14:41:44","date_gmt":"2019-08-12T14:41:44","guid":{"rendered":"https:\/\/setgad.com\/wp\/?post_type=product&#038;p=6602"},"modified":"2021-02-05T00:08:29","modified_gmt":"2021-02-05T00:08:29","slug":"dataloggers-inalambricos-tracksense-pro-sensor-de-conductividad-y-temperatura","status":"publish","type":"product","link":"https:\/\/setgad.com\/wp\/product\/dataloggers-inalambricos-tracksense-pro-sensor-de-conductividad-y-temperatura\/","title":{"rendered":"Dataloggers Inal\u00e1mbricos TrackSense Pro &#8211; Sensor de Conductividad y Temperatura"},"content":{"rendered":"<h3 class=\"technical-specifications__heading\">Especificaciones T\u00e9cnicas<\/h3>\n<section id=\"brick-19101\" class=\"brick technical-specifications js-specsToPanel\">\n<div class=\"technical-specifications__container\">\n<div class=\"technical-specifications__content\">\n<table class=\"technical-specifications__table\" style=\"height: 1478px;\" width=\"1336\">\n<tbody>\n<tr class=\"technical-specifications__table-row has-background\">\n<td class=\"technical-specifications__table-cell\"><strong>Sensor:<\/strong><\/td>\n<td class=\"technical-specifications__table-cell\"><strong>Intercambiable Combinable de Conductividad\u00a0<\/strong><\/td>\n<\/tr>\n<tr class=\"technical-specifications__table-row \">\n<td class=\"technical-specifications__table-cell\">Rango de conductividad:<\/td>\n<td class=\"technical-specifications__table-cell\">0 a\u00a0200 \u03bcS\/cm<\/td>\n<\/tr>\n<tr class=\"technical-specifications__table-row has-background\">\n<td class=\"technical-specifications__table-cell\">Material de Contacto:<\/td>\n<td class=\"technical-specifications__table-cell\"><strong>Peek<\/strong>\u00a0(Cumplimiento FDA)<\/td>\n<\/tr>\n<tr class=\"technical-specifications__table-row \">\n<td class=\"technical-specifications__table-cell\">Dimensiones\u00a0L x D:<\/td>\n<td class=\"technical-specifications__table-cell\">37 mm x 25 mm \/ 13 mm<\/td>\n<\/tr>\n<tr class=\"technical-specifications__table-row has-background\">\n<td class=\"technical-specifications__table-cell\">Profunidad de Inmersi\u00f3n:<\/td>\n<td class=\"technical-specifications__table-cell\">Minimum 25 mm<\/td>\n<\/tr>\n<tr class=\"technical-specifications__table-row \">\n<td class=\"technical-specifications__table-cell\">Resoluci\u00f3n de Conectividad:<\/td>\n<td class=\"technical-specifications__table-cell\">0.1 \u03bcS\/cm<\/td>\n<\/tr>\n<tr class=\"technical-specifications__table-row has-background\">\n<td class=\"technical-specifications__table-cell\">Exactitud de Conductividad:<\/td>\n<td class=\"technical-specifications__table-cell\">\u00b1 1 \u03bcS\/cm o\u00a0\u00b1 2.5 % de la lectura, lo que sea\u00a0peor<\/td>\n<\/tr>\n<tr class=\"technical-specifications__table-row \">\n<td class=\"technical-specifications__table-cell\">IP Clase:<\/td>\n<td class=\"technical-specifications__table-cell\">IP67<\/td>\n<\/tr>\n<tr class=\"technical-specifications__table-row has-background\">\n<td class=\"technical-specifications__table-cell\">Sensor de Temperatura:<\/td>\n<td class=\"technical-specifications__table-cell\">PT1000 para proporcionar una compensaci\u00f3n autom\u00e1tica de la temperatura<\/td>\n<\/tr>\n<tr class=\"technical-specifications__table-row \">\n<td class=\"technical-specifications__table-cell\">Rango de\u00a0Temperatura:<\/td>\n<td class=\"technical-specifications__table-cell\">0 \u00b0C a\u00a0+100 \u00b0C*<\/td>\n<\/tr>\n<tr class=\"technical-specifications__table-row has-background\">\n<td class=\"technical-specifications__table-cell\">Exactitud de Temperatura:<\/td>\n<td class=\"technical-specifications__table-cell\">\u00b1 0.05 \u00b0C<\/td>\n<\/tr>\n<tr class=\"technical-specifications__table-row \">\n<td class=\"technical-specifications__table-cell\"><strong>Logger:<\/strong><\/td>\n<td class=\"technical-specifications__table-cell\"><strong>Pro<\/strong><\/td>\n<\/tr>\n<tr class=\"technical-specifications__table-row has-background\">\n<td class=\"technical-specifications__table-cell\">Temperatura Operativa:<\/td>\n<td class=\"technical-specifications__table-cell\">0 a\u00a0+100 \u00b0C<\/td>\n<\/tr>\n<tr class=\"technical-specifications__table-row \">\n<td class=\"technical-specifications__table-cell\">Material:<\/td>\n<td class=\"technical-specifications__table-cell\">316 L Acero Inoxidable<\/td>\n<\/tr>\n<tr class=\"technical-specifications__table-row has-background\">\n<td class=\"technical-specifications__table-cell\">Diametro:<\/td>\n<td class=\"technical-specifications__table-cell\">25 mm<\/td>\n<\/tr>\n<tr class=\"technical-specifications__table-row \">\n<td class=\"technical-specifications__table-cell\">Longitud:<\/td>\n<td class=\"technical-specifications__table-cell\">44 mm<\/td>\n<\/tr>\n<tr class=\"technical-specifications__table-row has-background\">\n<td class=\"technical-specifications__table-cell\">Peso con Bater\u00eda:<\/td>\n<td class=\"technical-specifications__table-cell\">48 Gramos<\/td>\n<\/tr>\n<tr class=\"technical-specifications__table-row \">\n<td class=\"technical-specifications__table-cell\">Capacidad de Memoria:<\/td>\n<td class=\"technical-specifications__table-cell\">60,000 Data Points<\/td>\n<\/tr>\n<tr class=\"technical-specifications__table-row has-background\">\n<td class=\"technical-specifications__table-cell\">Rango M\u00ednimo de Muestra:<\/td>\n<td class=\"technical-specifications__table-cell\">1 Seg<\/td>\n<\/tr>\n<tr class=\"technical-specifications__table-row \">\n<td class=\"technical-specifications__table-cell\">Rango M\u00e1ximo de Muestra:<\/td>\n<td class=\"technical-specifications__table-cell\">24 Horas<\/td>\n<\/tr>\n<tr class=\"technical-specifications__table-row has-background\">\n<td class=\"technical-specifications__table-cell\">Demora M\u00e1xima de Encendido:<\/td>\n<td class=\"technical-specifications__table-cell\">14 D\u00edas<\/td>\n<\/tr>\n<tr class=\"technical-specifications__table-row \">\n<td class=\"technical-specifications__table-cell\">Intr\u00ednsecamente Seguro:<\/td>\n<td class=\"technical-specifications__table-cell\">Ex II1GD Ex ia IIC T3 Ga,\u00a0 -50\u00b0C \u2264 Tamb \u2264 +105\u00b0C<\/td>\n<\/tr>\n<tr class=\"technical-specifications__table-row has-background\">\n<td class=\"technical-specifications__table-cell\">Exactitud de Tiempo:<\/td>\n<td class=\"technical-specifications__table-cell\">\u00b1 5 Segundos\u00a0Por\u00a024 Horas<\/td>\n<\/tr>\n<tr class=\"technical-specifications__table-row \">\n<td class=\"technical-specifications__table-cell\">Bater\u00eda:<\/td>\n<td class=\"technical-specifications__table-cell\">TSP Standard Battery<\/td>\n<\/tr>\n<\/tbody>\n<\/table>\n<p>* El sensor de conductividad no est\u00e1 dise\u00f1ado para la esterilizaci\u00f3n por vapor, pero puede ser en autoclave a 121 \u00b0 C<\/p>\n<\/div>\n<\/div>\n<\/section>\n","protected":false},"excerpt":{"rendered":"<div id=\"tw-target-text-container\" class=\"gsrt tw-ta-container tw-nfl\">\n<p>El Sensor de conductividad combinado\u00a0\u00a0es compatible con la\u00a0opci\u00f3n Pro Sky TrackSense para proporcionar datos en tiempo real si es necesario. Las mediciones de conductividad se aplican al control\/monitoreo de los procesos industriales y para la validaci\u00f3n de los procesos de lavado disinfecion en los hospitales que se rigen por la norma EN ISO 15883: 2009.<\/p>\n<ul>\n<li>Sensor intercambiable \u00fanico<\/li>\n<li>Comunicaci\u00f3n en l\u00ednea opcional<\/li>\n<li>Acero inoxidable 316L<\/li>\n<li>Esterilizable<\/li>\n<li>A menudo se mide la conductividad en combinaci\u00f3n con mediciones de pH.<\/li>\n<\/ul>\n<p>Ejemplos de las aplicaciones donde se utilizar\u00eda\u00a0el sensor de conductividad:<\/p>\n<ul>\n<li>Industria farmac\u00e9utica<\/li>\n<li>Hospitales<\/li>\n<li>Fermentaci\u00f3n<\/li>\n<li>Alimentos y bebidas<\/li>\n<li>Industria del Az\u00facar<\/li>\n<li>Industria qu\u00edmica<\/li>\n<li>Plantas de energ\u00eda<\/li>\n<\/ul>\n<\/div>\n","protected":false},"featured_media":6600,"comment_status":"closed","ping_status":"closed","template":"","meta":{"_et_pb_use_builder":"","_et_pb_old_content":"","_et_gb_content_width":"","content-type":"","_joinchat":[]},"product_brand":[],"product_cat":[247,248],"product_tag":[],"class_list":{"0":"post-6602","1":"product","2":"type-product","3":"status-publish","4":"has-post-thumbnail","6":"product_cat-data-logger","7":"product_cat-tracksense-pro","9":"first","10":"instock","11":"shipping-taxable","12":"product-type-simple"},"_links":{"self":[{"href":"https:\/\/setgad.com\/wp\/wp-json\/wp\/v2\/product\/6602","targetHints":{"allow":["GET"]}}],"collection":[{"href":"https:\/\/setgad.com\/wp\/wp-json\/wp\/v2\/product"}],"about":[{"href":"https:\/\/setgad.com\/wp\/wp-json\/wp\/v2\/types\/product"}],"replies":[{"embeddable":true,"href":"https:\/\/setgad.com\/wp\/wp-json\/wp\/v2\/comments?post=6602"}],"wp:featuredmedia":[{"embeddable":true,"href":"https:\/\/setgad.com\/wp\/wp-json\/wp\/v2\/media\/6600"}],"wp:attachment":[{"href":"https:\/\/setgad.com\/wp\/wp-json\/wp\/v2\/media?parent=6602"}],"wp:term":[{"taxonomy":"product_brand","embeddable":true,"href":"https:\/\/setgad.com\/wp\/wp-json\/wp\/v2\/product_brand?post=6602"},{"taxonomy":"product_cat","embeddable":true,"href":"https:\/\/setgad.com\/wp\/wp-json\/wp\/v2\/product_cat?post=6602"},{"taxonomy":"product_tag","embeddable":true,"href":"https:\/\/setgad.com\/wp\/wp-json\/wp\/v2\/product_tag?post=6602"}],"curies":[{"name":"wp","href":"https:\/\/api.w.org\/{rel}","templated":true}]}}