{"id":6889,"date":"2019-08-16T16:19:45","date_gmt":"2019-08-16T16:19:45","guid":{"rendered":"https:\/\/setgad.com\/wp\/?post_type=product&#038;p=6889"},"modified":"2021-11-12T19:23:03","modified_gmt":"2021-11-12T19:23:03","slug":"modulo-tracksense-pro-sky","status":"publish","type":"product","link":"https:\/\/setgad.com\/wp\/product\/modulo-tracksense-pro-sky\/","title":{"rendered":"Modulo TrackSense Pro Sky"},"content":{"rendered":"<h3 class=\"technical-specifications__heading\">Especificaciones T\u00e9cnicas<\/h3>\n<section id=\"brick-19101\" class=\"brick technical-specifications js-specsToPanel\">\n<div class=\"technical-specifications__container\">\n<div class=\"technical-specifications__content\">\n<table class=\"technical-specifications__table\" style=\"height: 436px;\" width=\"957\">\n<tbody>\n<tr class=\"technical-specifications__table-row has-background\">\n<td class=\"technical-specifications__table-cell\">Temperatura Operativa<\/td>\n<td class=\"technical-specifications__table-cell\">-80 \u00b0C a\u00a0+140 \u00b0C<\/td>\n<\/tr>\n<tr class=\"technical-specifications__table-row \">\n<td class=\"technical-specifications__table-cell\">Rango de Comunicaci\u00f3n:<\/td>\n<td class=\"technical-specifications__table-cell\">Hasta\u00a015 m.\/50 ft.<\/td>\n<\/tr>\n<tr class=\"technical-specifications__table-row has-background\">\n<td class=\"technical-specifications__table-cell\">Frecuencia Operativa<\/td>\n<td class=\"technical-specifications__table-cell\">2.4 GHz\/IEEE 802.15.4 Standard<\/td>\n<\/tr>\n<tr class=\"technical-specifications__table-row \">\n<td class=\"technical-specifications__table-cell\">Diametro:<\/td>\n<td class=\"technical-specifications__table-cell\">25 mm.<\/td>\n<\/tr>\n<tr class=\"technical-specifications__table-row has-background\">\n<td class=\"technical-specifications__table-cell\">Longitud del Logger con Modulo Sky:<\/td>\n<td class=\"technical-specifications__table-cell\">66.3 mm. \/ 91.5 mm<\/td>\n<\/tr>\n<tr class=\"technical-specifications__table-row \">\n<td class=\"technical-specifications__table-cell\">Intrinsecamente Seguro (Pro, X, Basic Datalogger):<\/td>\n<td class=\"technical-specifications__table-cell\">Ex II1G Ex ia IIC T3 Ga,\u00a0 -60\u00b0C \u2264 Tamb \u2264 +105\u00b0C<\/td>\n<\/tr>\n<tr class=\"technical-specifications__table-row has-background\">\n<td class=\"technical-specifications__table-cell\">Intrinsecamente Seguro (XL Datalogger):<\/td>\n<td class=\"technical-specifications__table-cell\">Ex II1G Ex ia IIC T3 Ga,\u00a0 -55\u00b0C \u2264 Tamb \u2264 +105\u00b0C<\/td>\n<\/tr>\n<\/tbody>\n<\/table>\n<\/div>\n<\/div>\n<\/section>\n","protected":false},"excerpt":{"rendered":"<p>El m\u00f3dulo Sky contiene todos los componentes necesarios para la comunicaci\u00f3n inal\u00e1mbrica entre el logger y el punto de acceso SKY. Una antena externa tambi\u00e9n est\u00e1 disponible para los entornos de transmisi\u00f3n m\u00e1s dif\u00edciles.<\/p>\n<p>Ning\u00fan dato volver\u00e1 a perderse o da\u00f1arse debido a una p\u00e9rdida de la comunicaci\u00f3n inal\u00e1mbrica. Si ocurriera\u00a0una p\u00e9rdida de la comunicaci\u00f3n inal\u00e1mbrica, los datos se almacenan en el registrador y se transmite una vez que la comunicaci\u00f3n ha sido restaurada o el registrador ha sido devuelto a la estaci\u00f3n de\u00a0lector TrackSense\u00ae PRO.<\/p>\n<p>El M\u00f3dulo SKY es compatible con:\u200b<\/p>\n<ul>\n<li>TrackSense Pro 2da\u00a0generaci\u00f3n de loggers de datos<\/li>\n<li>TrackSense Pro\u00a0Sensores de temperatura<\/li>\n<li>Sensores TrackSense Pro 2nda Generaci\u00f3n de Humedad Relativa, Presi\u00f3n, Vac\u00edo, Conductividad y CO2<\/li>\n<li>TrackSense\u00a0Pro Reader Stations<\/li>\n<li>ValSuite 2.60+\u00a0Software<\/li>\n<li>La mayor\u00eda de los accesorios TrackSense Pro<\/li>\n<\/ul>\n","protected":false},"featured_media":6890,"comment_status":"closed","ping_status":"closed","template":"","meta":{"_et_pb_use_builder":"","_et_pb_old_content":"","_et_gb_content_width":"","content-type":"","_joinchat":[]},"product_brand":[],"product_cat":[247,261],"product_tag":[],"class_list":{"0":"post-6889","1":"product","2":"type-product","3":"status-publish","4":"has-post-thumbnail","6":"product_cat-data-logger","7":"product_cat-opciones-sky","9":"first","10":"instock","11":"shipping-taxable","12":"product-type-simple"},"_links":{"self":[{"href":"https:\/\/setgad.com\/wp\/wp-json\/wp\/v2\/product\/6889","targetHints":{"allow":["GET"]}}],"collection":[{"href":"https:\/\/setgad.com\/wp\/wp-json\/wp\/v2\/product"}],"about":[{"href":"https:\/\/setgad.com\/wp\/wp-json\/wp\/v2\/types\/product"}],"replies":[{"embeddable":true,"href":"https:\/\/setgad.com\/wp\/wp-json\/wp\/v2\/comments?post=6889"}],"wp:featuredmedia":[{"embeddable":true,"href":"https:\/\/setgad.com\/wp\/wp-json\/wp\/v2\/media\/6890"}],"wp:attachment":[{"href":"https:\/\/setgad.com\/wp\/wp-json\/wp\/v2\/media?parent=6889"}],"wp:term":[{"taxonomy":"product_brand","embeddable":true,"href":"https:\/\/setgad.com\/wp\/wp-json\/wp\/v2\/product_brand?post=6889"},{"taxonomy":"product_cat","embeddable":true,"href":"https:\/\/setgad.com\/wp\/wp-json\/wp\/v2\/product_cat?post=6889"},{"taxonomy":"product_tag","embeddable":true,"href":"https:\/\/setgad.com\/wp\/wp-json\/wp\/v2\/product_tag?post=6889"}],"curies":[{"name":"wp","href":"https:\/\/api.w.org\/{rel}","templated":true}]}}