{"id":6891,"date":"2019-08-16T16:22:44","date_gmt":"2019-08-16T16:22:44","guid":{"rendered":"https:\/\/setgad.com\/wp\/?post_type=product&#038;p=6891"},"modified":"2021-11-12T19:23:05","modified_gmt":"2021-11-12T19:23:05","slug":"punto-acceso-sky-tracksense-pro","status":"publish","type":"product","link":"https:\/\/setgad.com\/wp\/product\/punto-acceso-sky-tracksense-pro\/","title":{"rendered":"Punto Acceso SKY TrackSense Pro"},"content":{"rendered":"<h3 class=\"technical-specifications__heading\">Especificaciones T\u00e9cnicas<\/h3>\n<section id=\"brick-19101\" class=\"brick technical-specifications js-specsToPanel\">\n<div class=\"technical-specifications__container\">\n<div class=\"technical-specifications__content\">\n<table class=\"technical-specifications__table\" style=\"height: 564px;\" width=\"958\">\n<tbody>\n<tr class=\"technical-specifications__table-row has-background\">\n<td class=\"technical-specifications__table-cell\">Temperatura operativa:<\/td>\n<td class=\"technical-specifications__table-cell\">5\u00b0C a 50\u00b0C \/ 41\u00b0F a 122\u00b0F<\/td>\n<\/tr>\n<tr class=\"technical-specifications__table-row \">\n<td class=\"technical-specifications__table-cell\">Ambiente:<\/td>\n<td class=\"technical-specifications__table-cell\">0-90% RH, sin Condensaci\u00f3n<\/td>\n<\/tr>\n<tr class=\"technical-specifications__table-row has-background\">\n<td class=\"technical-specifications__table-cell\">Capacdad:<\/td>\n<td class=\"technical-specifications__table-cell\">1-12\u00a0Puntos de Acceso Sky por Sesion\/Proceso<\/td>\n<\/tr>\n<tr class=\"technical-specifications__table-row \">\n<td class=\"technical-specifications__table-cell\"><\/td>\n<td class=\"technical-specifications__table-cell\">Hasta\u00a064 Modulos Sky (Loggers) \/ 128 Canales<\/td>\n<\/tr>\n<tr class=\"technical-specifications__table-row has-background\">\n<td class=\"technical-specifications__table-cell\">Velocidad de Transmision:<\/td>\n<td class=\"technical-specifications__table-cell\">5, 10\u00a0o 60 Segundos para 16 Modulos Sky<\/td>\n<\/tr>\n<tr class=\"technical-specifications__table-row \">\n<td class=\"technical-specifications__table-cell\"><\/td>\n<td class=\"technical-specifications__table-cell\">10 o 60 Segundos para 32\/64 Modulos Sky<\/td>\n<\/tr>\n<tr class=\"technical-specifications__table-row has-background\">\n<td class=\"technical-specifications__table-cell\">PC Interfase:<\/td>\n<td class=\"technical-specifications__table-cell\">Conexion a la PC Via Ethernet\u00a0o USB<\/td>\n<\/tr>\n<tr class=\"technical-specifications__table-row \">\n<td class=\"technical-specifications__table-cell\">Fuente de Alimentaci\u00f3n:<\/td>\n<td class=\"technical-specifications__table-cell\">USB Link o 12-36 Suministro VDC<\/td>\n<\/tr>\n<tr class=\"technical-specifications__table-row has-background\">\n<td class=\"technical-specifications__table-cell\">Indicadores de Estado:<\/td>\n<td class=\"technical-specifications__table-cell\">LED<\/td>\n<\/tr>\n<\/tbody>\n<\/table>\n<\/div>\n<\/div>\n<\/section>\n","protected":false},"excerpt":{"rendered":"<p>El Sky Access Point ofrece muchas ventajas sobre los puntos de acceso inal\u00e1mbricos est\u00e1ndar.<\/p>\n<p>El protocolo inal\u00e1mbrico patentado reduce significativamente el consumo de bater\u00eda en el logger inalambrico. Todos los dem\u00e1s equipos inal\u00e1mbricos son rechazados por el Punto de Acceso Sky, lo que mejora en gran medida el \u00e9xito de la transmisi\u00f3n y la seguridad<\/p>\n","protected":false},"featured_media":6892,"comment_status":"closed","ping_status":"closed","template":"","meta":{"_et_pb_use_builder":"","_et_pb_old_content":"","_et_gb_content_width":"","content-type":"","_joinchat":[]},"product_brand":[],"product_cat":[247,261],"product_tag":[],"class_list":{"0":"post-6891","1":"product","2":"type-product","3":"status-publish","4":"has-post-thumbnail","6":"product_cat-data-logger","7":"product_cat-opciones-sky","9":"first","10":"instock","11":"shipping-taxable","12":"product-type-simple"},"_links":{"self":[{"href":"https:\/\/setgad.com\/wp\/wp-json\/wp\/v2\/product\/6891","targetHints":{"allow":["GET"]}}],"collection":[{"href":"https:\/\/setgad.com\/wp\/wp-json\/wp\/v2\/product"}],"about":[{"href":"https:\/\/setgad.com\/wp\/wp-json\/wp\/v2\/types\/product"}],"replies":[{"embeddable":true,"href":"https:\/\/setgad.com\/wp\/wp-json\/wp\/v2\/comments?post=6891"}],"wp:featuredmedia":[{"embeddable":true,"href":"https:\/\/setgad.com\/wp\/wp-json\/wp\/v2\/media\/6892"}],"wp:attachment":[{"href":"https:\/\/setgad.com\/wp\/wp-json\/wp\/v2\/media?parent=6891"}],"wp:term":[{"taxonomy":"product_brand","embeddable":true,"href":"https:\/\/setgad.com\/wp\/wp-json\/wp\/v2\/product_brand?post=6891"},{"taxonomy":"product_cat","embeddable":true,"href":"https:\/\/setgad.com\/wp\/wp-json\/wp\/v2\/product_cat?post=6891"},{"taxonomy":"product_tag","embeddable":true,"href":"https:\/\/setgad.com\/wp\/wp-json\/wp\/v2\/product_tag?post=6891"}],"curies":[{"name":"wp","href":"https:\/\/api.w.org\/{rel}","templated":true}]}}