{"id":987468112,"date":"2022-02-03T00:40:08","date_gmt":"2022-02-03T00:40:08","guid":{"rendered":"https:\/\/setgad.com\/wp\/?post_type=product&#038;p=987468112"},"modified":"2022-08-12T16:26:08","modified_gmt":"2022-08-12T16:26:08","slug":"registrador-de-datos-ml4701-lux-luxbug","status":"publish","type":"product","link":"https:\/\/setgad.com\/wp\/product\/registrador-de-datos-ml4701-lux-luxbug\/","title":{"rendered":"Registrador de datos ML4701 LUX (LuxBug)"},"content":{"rendered":"<div class=\"col-lg flex-1\">\n<div class=\"heading\"><\/div>\n<\/div>\n<div class=\"col-lg flex-lg-end\"><\/div>\n<h2 class=\"color-scheme\"><span>Medidor de luz (LuxBug)<\/span><\/h2>\n<p><span>Como parte de la serie Hanwell Pro\u00a0\u00a0<\/span><span>ML4000LUX\/UV<\/span><span>\u00a0, el medidor de luz Hanwell Pro ML4701 (anteriormente conocido como LuxBug) tiene un sensor LUX integrado preciso con un dise\u00f1o discreto.<\/span><\/p>\n<p><em><strong><span>Qu\u00e9 hay en la caja<\/span><\/strong><\/em><\/p>\n<p><em><span>Pida este producto hoy y recibir\u00e1 la unidad ML4701 con bater\u00eda de litio AA de 3,6 V.<\/span><\/em><\/p>\n<p><em><strong><span>\u00bfQu\u00e9 m\u00e1s necesitar\u00e9?<\/span><\/strong><\/em><\/p>\n<ol>\n<li><em><span>Aseg\u00farese de tener un cable USB disponible para descargar los datos a la PC local (alternativamente, puede comprar nuestro\u00a0cable de descarga USB\u00a0<\/span><span>Y055 )<\/span><\/em><\/li>\n<li><em><span>El software HanLog se puede descargar gratis\u00a0<\/span><a href=\"https:\/\/hanwell.com\/shop\/hanwell\/hanlog-data-logger-software\/\"><span>aqu\u00ed<\/span><\/a><span>\u00a0.<\/span><\/em><\/li>\n<\/ol>\n<h4 class=\"color-scheme\"><span>Caracter\u00edsticas<\/span><\/h4>\n<p><span>\u2713 Medici\u00f3n precisa de la luz (LUX)<\/span><br \/>\n<span>\u2713 Hardware de rendimiento superior y sensores de alta precisi\u00f3n<\/span><br \/>\n<span>\u2713 Bater\u00eda y toma USB de f\u00e1cil acceso<\/span><br \/>\n<span>\u2713 Capacidad de memoria del registrador de 100 000 lecturas<\/span><br \/>\n<span>\u2713 Hasta 3 a\u00f1os de duraci\u00f3n de la bater\u00eda<\/span><br \/>\n<span>\u2713 Cumple con las directivas RoHS, UE y WEEE<\/span><br \/>\n<span>\u2713 Lleva marcado CE<\/span><\/p>\n<h4 class=\"color-scheme\"><span>Aplicaciones T\u00edpicas<\/span><\/h4>\n<p><span>\u2022 Preservaci\u00f3n de artefactos del museo<\/span><br \/>\n<span>\u2022 Almacenamiento de suministros m\u00e9dicos<\/span><\/p>\n<h3 class=\"color-scheme\"><span>Especificaci\u00f3n<\/span><\/h3>\n<p><b><span>Para conocer las especificaciones del instrumento, haga clic en la\u00a0<\/span><span>\u00a0hoja de datos del registrador de datos Hanwell Pro ML4701<\/span><span>\u00a0.<\/span><\/b><\/p>\n<h3 class=\"color-scheme\"><span>ccsme<\/span><\/h3>\n<p><span>Este producto debe usarse junto con el software HanLog o el software Hanwell EMS para un monitoreo centralizado completo.<\/span><\/p>\n<div class=\"embed-container\">\n<figure class=\"embed\"><iframe id=\"953081909\" title=\"Hanwell EMS - Software de monitoreo ambiental\" src=\"https:\/\/www.youtube.com\/embed\/4b5oSGksw-8?feature=oembed&amp;enablejsapi=1&amp;origin=https%3A%2F%2Fhanwell.com\" frameborder=\"0\" allowfullscreen=\"allowfullscreen\" data-gtm-yt-inspected-12374044_39=\"true\" data-mce-fragment=\"1\"><\/iframe><\/figure>\n<\/div>\n<h3 class=\"color-scheme\"><span>Productos compatibles<\/span><\/h3>\n<p><strong><span>Software necesario:<\/span><\/strong><br \/>\n<span>W200<\/span><span>\u00a0\u00a0: software HanLog<\/span><br \/>\n<span>O<\/span><br \/>\n<span>W900<\/span><span>\u00a0\u00a0: software EMS<\/span><\/p>\n<p><strong><span>Accesorios:<\/span><\/strong><br \/>\n<span>88706<\/span><span>\u00a0\u00a0\u2013 Bater\u00eda de litio AA de<\/span><br \/>\n<span>3,6 V Y055<\/span><span>\u00a0\u00a0\u2013 Cable de descarga USB<\/span><br \/>\n<span>Y119<\/span><span>\u00a0\u00a0\u2013 Soporte para montaje en pared<\/span><\/p>\n<p><span>Este producto se puede calibrar seg\u00fan sus especificaciones,\u00a0\u00a0<\/span><span>cont\u00e1ctenos<\/span><span>\u00a0\u00a0para obtener m\u00e1s detalles.<\/span><\/p>\n<h4><\/h4>\n<h4><a href=\"https:\/\/setgad.com\/wp\/wp-content\/uploads\/2022\/02\/ML4701-datalogger.pdf\"><strong>Ficha T\u00e9cnica<\/strong><\/a><\/h4>\n","protected":false},"excerpt":{"rendered":"<div id=\"tw-target-text-container\" class=\"gsrt tw-ta-container tw-nfl\">\n<p><span>Como parte de la serie Hanwell Pro\u00a0\u00a0<\/span><span>ML4000LUX\/UV<\/span><span>\u00a0, el registrador de datos Hanwell Pro ML4701 LUX (anteriormente conocido como LuxBug) tiene un sensor LUX integrado preciso con un dise\u00f1o discreto.<\/span><\/p>\n<p><em><span>Rango Visible: 10 a 5000 LUX<\/span><\/em><\/p>\n<\/div>\n","protected":false},"featured_media":987468072,"comment_status":"closed","ping_status":"closed","template":"","meta":{"_et_pb_use_builder":"off","_et_pb_old_content":"<h3 id=\"tw-target-text\" class=\"tw-data-text tw-ta tw-text-small\" data-placeholder=\"Traducci\u00f3n\"><\/h3>\r\n<ul>\r\n \t<li class=\"p1\">\r\n<h2>ClimaBox \u2013 Monitor de calidad del aire<\/h2>\r\n<h3 class=\"color-scheme\">Registrador de datos de CO2, temperatura y humedad<\/h3>\r\nEl ClimaBox ha sido dise\u00f1ado para monitorear el CO2, la temperatura y la humedad en un solo instrumento para una soluci\u00f3n completa de monitoreo de la calidad del aire.\u00a0La unidad fue dise\u00f1ada espec\u00edficamente para monitorear la calidad del aire en t\u00e9rminos de di\u00f3xido de carbono en el aire, que se ha relacionado directamente con el s\u00edndrome de los edificios enfermos (SBS). Adem\u00e1s, se puede analizar el rendimiento de los sistemas de calefacci\u00f3n y tratamiento de aire para mejorar la eficiencia y\/o proporcionar datos de diagn\u00f3stico para predecir los intervalos de servicio. La tecnolog\u00eda del producto Hanwell Pro se establece como la tecnolog\u00eda de monitoreo ambiental m\u00e1s flexible del mercado actual al permitir que los usuarios ampl\u00eden o cambien los sistemas cuando sea necesario. ClimaBox est\u00e1 disponible en dos formatos para aplicaciones independientes, hay una versi\u00f3n de registrador de datos y para aplicaciones de monitoreo y control distribuidos, hay una versi\u00f3n inal\u00e1mbrica que se puede agregar a sistemas Hanwell Pro nuevos o existentes. Los registradores de datos ClimaBox recopilan informaci\u00f3n y muestran los datos en una pantalla LCD que luego se puede descargar a una PC local a trav\u00e9s de un cable USB. El sensor de CO2 se encuentra dentro de la caja.\u00a0Para que la unidad mida con precisi\u00f3n, un ventilador silencioso aspira aire de los orificios de ventilaci\u00f3n en el lado izquierdo de la unidad.\u00a0Este aire pasa a trav\u00e9s del sensor y sale por los orificios de ventilaci\u00f3n del lado derecho. <strong>Caracter\u00edsticas del producto<\/strong>\r\n<ul>\r\n \t<li>Pantalla LCD con lecturas de datos y duraci\u00f3n de la bater\u00eda<\/li>\r\n \t<li>Capacidad de memoria 100.000 lecturas<\/li>\r\n \t<li>Bater\u00eda accesible y toma USB<\/li>\r\n \t<li>Hardware de rendimiento superior con sensores de alta precisi\u00f3n<\/li>\r\n \t<li>Cumple con las directivas RoHS, UE y WEEE<\/li>\r\n \t<li>Lleva marcado CE<\/li>\r\n<\/ul>\r\n<strong>Beneficios<\/strong>\r\n<ul>\r\n \t<li>Mejore la eficiencia del trabajo del personal con una calidad de aire optimizada<\/li>\r\n \t<li>Reducir el nivel de licencia por enfermedad<\/li>\r\n \t<li>Garantizar un ambiente c\u00f3modo para los visitantes.<\/li>\r\n \t<li>Evite los efectos del s\u00edndrome de los edificios enfermos con un seguimiento discreto<\/li>\r\n \t<li>Proporcione entornos \u00f3ptimos de CO2, temperatura y humedad en todo momento y, potencialmente, haga ahorros de energ\u00eda significativos<\/li>\r\n \t<li>Tecnolog\u00eda de alto rendimiento con sondas de conexi\u00f3n precisas<\/li>\r\n<\/ul>\r\n<\/li>\r\n<\/ul>\r\n<h4><a href=\"https:\/\/setgad.com\/wp\/wp-content\/uploads\/2022\/02\/HL5406-Climabox-datalogger-datasheet-UK.pdf\"><strong>Ficha T\u00e9cnica<\/strong><\/a><\/h4>","_et_gb_content_width":"","content-type":"","_joinchat":[]},"product_brand":[],"product_cat":[273,274],"product_tag":[],"class_list":{"0":"post-987468112","1":"product","2":"type-product","3":"status-publish","4":"has-post-thumbnail","6":"product_cat-hanwell","7":"product_cat-hanwell-pro","9":"first","10":"instock","11":"shipping-taxable","12":"product-type-simple"},"_links":{"self":[{"href":"https:\/\/setgad.com\/wp\/wp-json\/wp\/v2\/product\/987468112","targetHints":{"allow":["GET"]}}],"collection":[{"href":"https:\/\/setgad.com\/wp\/wp-json\/wp\/v2\/product"}],"about":[{"href":"https:\/\/setgad.com\/wp\/wp-json\/wp\/v2\/types\/product"}],"replies":[{"embeddable":true,"href":"https:\/\/setgad.com\/wp\/wp-json\/wp\/v2\/comments?post=987468112"}],"wp:featuredmedia":[{"embeddable":true,"href":"https:\/\/setgad.com\/wp\/wp-json\/wp\/v2\/media\/987468072"}],"wp:attachment":[{"href":"https:\/\/setgad.com\/wp\/wp-json\/wp\/v2\/media?parent=987468112"}],"wp:term":[{"taxonomy":"product_brand","embeddable":true,"href":"https:\/\/setgad.com\/wp\/wp-json\/wp\/v2\/product_brand?post=987468112"},{"taxonomy":"product_cat","embeddable":true,"href":"https:\/\/setgad.com\/wp\/wp-json\/wp\/v2\/product_cat?post=987468112"},{"taxonomy":"product_tag","embeddable":true,"href":"https:\/\/setgad.com\/wp\/wp-json\/wp\/v2\/product_tag?post=987468112"}],"curies":[{"name":"wp","href":"https:\/\/api.w.org\/{rel}","templated":true}]}}