{"id":987468120,"date":"2022-02-03T00:51:12","date_gmt":"2022-02-03T00:51:12","guid":{"rendered":"https:\/\/setgad.com\/wp\/?post_type=product&#038;p=987468120"},"modified":"2022-08-12T16:25:40","modified_gmt":"2022-08-12T16:25:40","slug":"registrador-de-transporte-con-sonda-externa","status":"publish","type":"product","link":"https:\/\/setgad.com\/wp\/product\/registrador-de-transporte-con-sonda-externa\/","title":{"rendered":"Registrador de transporte con sonda externa"},"content":{"rendered":"<div class=\"col-lg flex-1\">\n<div class=\"heading\"><\/div>\n<\/div>\n<div class=\"col-lg flex-lg-end\"><\/div>\n<h2 class=\"color-scheme\">Transporte con control de temperatura mediante el registrador de transporte<\/h2>\n<p>El registrador de transporte con sonda externa es ideal para el transporte con temperatura controlada.\u00a0Rango de temperatura del registrador de transporte -20 \u00b0C a +60 \u00b0C.\u00a0Aseg\u00farese de comprar tambi\u00e9n una sonda de termistor que se enchufa f\u00e1cilmente en el enchufe de la unidad.<\/p>\n<h2 class=\"color-scheme\">Caracter\u00edsticas<\/h2>\n<p>\u2713 Para uso con sensor de termistor externo J095 (consulte las sondas compatibles)<br \/>\n\u2713 Dise\u00f1o peque\u00f1o y discreto<br \/>\n\u2713 Hardware de rendimiento superior y sensores de alta precisi\u00f3n<br \/>\n\u2713 Bater\u00eda y toma USB de f\u00e1cil acceso<br \/>\n\u2713 Capacidad de memoria del registrador de 100 000 lecturas<br \/>\n\u2713 Hasta 2 a\u00f1os de duraci\u00f3n de la bater\u00eda<br \/>\n\u2713 Cumple con Directivas RoHS, UE y WEEE<br \/>\n\u2713 Lleva marcado CE<\/p>\n<h4 class=\"color-scheme\">Aplicaciones T\u00edpicas<\/h4>\n<ul>\n<li>Refrigeradores<\/li>\n<li>Congeladores<\/li>\n<li>Transporte refrigerado \/ Refrigerado<\/li>\n<\/ul>\n<h4 class=\"color-scheme\">Especificaci\u00f3n<\/h4>\n<p><b>Para conocer las especificaciones del instrumento, haga clic en la hoja de datos del registrador de datos\u00a0de Hanwell Transport\u00a0.<\/b><\/p>\n<p>Para conocer las especificaciones de nuestras sondas de termistor compatibles, haga clic\u00a0<a href=\"https:\/\/hanwell.com\/app\/uploads\/Hanwell-Pro-Probes-Datasheet-UK.pdf\">aqu\u00ed para ver la hoja de datos<\/a>\u00a0.<\/p>\n<h3 class=\"color-scheme\">Productos compatibles:<\/h3>\n<p class=\"color-tertiary\"><strong>Software requerido:<\/strong><br \/>\nW200\u00a0\u2013 Software HanLog, descargue el software gratis\u00a0\u00a0<a href=\"https:\/\/hanwell.com\/hanlog-software-download-form\/\">aqu\u00ed<\/a>\u00a0.<br \/>\nO<br \/>\nW900\u00a0\u00a0: software EMS<\/p>\n<p class=\"color-tertiary\"><strong>Requiere<\/strong>\u00a0cable USB\u00a0\u2013\u00a0Y055<\/p>\n<p class=\"color-tertiary\">J095\u00a0\u2013 Se\u00a0<strong>requiere sonda de termistor<\/strong><\/p>\n<p>Nuestro amable personal estar\u00e1 encantado de analizar cualquier consulta que pueda tener sobre este producto.\u00a0Para obtener m\u00e1s informaci\u00f3n sobre las soluciones de monitoreo de transporte o para analizar nuestro registrador de transporte con m\u00e1s detalle, comun\u00edquese\u00a0con nosotros\u00a0.<\/p>\n<h4><a href=\"https:\/\/setgad.com\/wp\/wp-content\/uploads\/2022\/02\/43792-TR-Transport-Logger-UK.pdf\"><strong>Ficha T\u00e9cnica<\/strong><\/a><\/h4>\n","protected":false},"excerpt":{"rendered":"<div id=\"tw-target-text-container\" class=\"gsrt tw-ta-container tw-nfl\">\n<p>Como parte de la\u00a0gama\u00a0de registradores de transporte, el 43792-TR es un registrador de transporte de temperatura de un solo canal de alta precisi\u00f3n con conector Lemo de 2 pines para sensor interno de sondas remotas.<\/p>\n<p><em>Rango de temperatura -20 \u00b0C a +60 \u00b0C (las sondas se venden por separado)<\/em><\/p>\n<\/div>\n","protected":false},"featured_media":987468076,"comment_status":"closed","ping_status":"closed","template":"","meta":{"_et_pb_use_builder":"off","_et_pb_old_content":"<h3 id=\"tw-target-text\" class=\"tw-data-text tw-ta tw-text-small\" data-placeholder=\"Traducci\u00f3n\"><\/h3>\r\n<ul>\r\n \t<li class=\"p1\">\r\n<h2>ClimaBox \u2013 Monitor de calidad del aire<\/h2>\r\n<h3 class=\"color-scheme\">Registrador de datos de CO2, temperatura y humedad<\/h3>\r\nEl ClimaBox ha sido dise\u00f1ado para monitorear el CO2, la temperatura y la humedad en un solo instrumento para una soluci\u00f3n completa de monitoreo de la calidad del aire.\u00a0La unidad fue dise\u00f1ada espec\u00edficamente para monitorear la calidad del aire en t\u00e9rminos de di\u00f3xido de carbono en el aire, que se ha relacionado directamente con el s\u00edndrome de los edificios enfermos (SBS). Adem\u00e1s, se puede analizar el rendimiento de los sistemas de calefacci\u00f3n y tratamiento de aire para mejorar la eficiencia y\/o proporcionar datos de diagn\u00f3stico para predecir los intervalos de servicio. La tecnolog\u00eda del producto Hanwell Pro se establece como la tecnolog\u00eda de monitoreo ambiental m\u00e1s flexible del mercado actual al permitir que los usuarios ampl\u00eden o cambien los sistemas cuando sea necesario. ClimaBox est\u00e1 disponible en dos formatos para aplicaciones independientes, hay una versi\u00f3n de registrador de datos y para aplicaciones de monitoreo y control distribuidos, hay una versi\u00f3n inal\u00e1mbrica que se puede agregar a sistemas Hanwell Pro nuevos o existentes. Los registradores de datos ClimaBox recopilan informaci\u00f3n y muestran los datos en una pantalla LCD que luego se puede descargar a una PC local a trav\u00e9s de un cable USB. El sensor de CO2 se encuentra dentro de la caja.\u00a0Para que la unidad mida con precisi\u00f3n, un ventilador silencioso aspira aire de los orificios de ventilaci\u00f3n en el lado izquierdo de la unidad.\u00a0Este aire pasa a trav\u00e9s del sensor y sale por los orificios de ventilaci\u00f3n del lado derecho. <strong>Caracter\u00edsticas del producto<\/strong>\r\n<ul>\r\n \t<li>Pantalla LCD con lecturas de datos y duraci\u00f3n de la bater\u00eda<\/li>\r\n \t<li>Capacidad de memoria 100.000 lecturas<\/li>\r\n \t<li>Bater\u00eda accesible y toma USB<\/li>\r\n \t<li>Hardware de rendimiento superior con sensores de alta precisi\u00f3n<\/li>\r\n \t<li>Cumple con las directivas RoHS, UE y WEEE<\/li>\r\n \t<li>Lleva marcado CE<\/li>\r\n<\/ul>\r\n<strong>Beneficios<\/strong>\r\n<ul>\r\n \t<li>Mejore la eficiencia del trabajo del personal con una calidad de aire optimizada<\/li>\r\n \t<li>Reducir el nivel de licencia por enfermedad<\/li>\r\n \t<li>Garantizar un ambiente c\u00f3modo para los visitantes.<\/li>\r\n \t<li>Evite los efectos del s\u00edndrome de los edificios enfermos con un seguimiento discreto<\/li>\r\n \t<li>Proporcione entornos \u00f3ptimos de CO2, temperatura y humedad en todo momento y, potencialmente, haga ahorros de energ\u00eda significativos<\/li>\r\n \t<li>Tecnolog\u00eda de alto rendimiento con sondas de conexi\u00f3n precisas<\/li>\r\n<\/ul>\r\n<\/li>\r\n<\/ul>\r\n<h4><a href=\"https:\/\/setgad.com\/wp\/wp-content\/uploads\/2022\/02\/HL5406-Climabox-datalogger-datasheet-UK.pdf\"><strong>Ficha T\u00e9cnica<\/strong><\/a><\/h4>","_et_gb_content_width":"","content-type":"","_joinchat":[]},"product_brand":[],"product_cat":[273,274],"product_tag":[],"class_list":{"0":"post-987468120","1":"product","2":"type-product","3":"status-publish","4":"has-post-thumbnail","6":"product_cat-hanwell","7":"product_cat-hanwell-pro","9":"first","10":"instock","11":"shipping-taxable","12":"product-type-simple"},"_links":{"self":[{"href":"https:\/\/setgad.com\/wp\/wp-json\/wp\/v2\/product\/987468120","targetHints":{"allow":["GET"]}}],"collection":[{"href":"https:\/\/setgad.com\/wp\/wp-json\/wp\/v2\/product"}],"about":[{"href":"https:\/\/setgad.com\/wp\/wp-json\/wp\/v2\/types\/product"}],"replies":[{"embeddable":true,"href":"https:\/\/setgad.com\/wp\/wp-json\/wp\/v2\/comments?post=987468120"}],"wp:featuredmedia":[{"embeddable":true,"href":"https:\/\/setgad.com\/wp\/wp-json\/wp\/v2\/media\/987468076"}],"wp:attachment":[{"href":"https:\/\/setgad.com\/wp\/wp-json\/wp\/v2\/media?parent=987468120"}],"wp:term":[{"taxonomy":"product_brand","embeddable":true,"href":"https:\/\/setgad.com\/wp\/wp-json\/wp\/v2\/product_brand?post=987468120"},{"taxonomy":"product_cat","embeddable":true,"href":"https:\/\/setgad.com\/wp\/wp-json\/wp\/v2\/product_cat?post=987468120"},{"taxonomy":"product_tag","embeddable":true,"href":"https:\/\/setgad.com\/wp\/wp-json\/wp\/v2\/product_tag?post=987468120"}],"curies":[{"name":"wp","href":"https:\/\/api.w.org\/{rel}","templated":true}]}}